{"id":2738,"date":"2025-03-21T11:59:02","date_gmt":"2025-03-21T10:59:02","guid":{"rendered":"https:\/\/98254-goriziapalace.tempwebsite.it\/hotel\/virtuelle-tour\/"},"modified":"2025-04-14T13:37:59","modified_gmt":"2025-04-14T11:37:59","slug":"virtuelle-tour-hotel","status":"publish","type":"page","link":"https:\/\/www.goriziapalace.com\/de\/hotel\/virtuelle-tour-hotel\/","title":{"rendered":"Virtuelle Tour"},"content":{"rendered":"\t\t<div data-elementor-type=\"wp-page\" data-elementor-id=\"2738\" class=\"elementor elementor-2738 elementor-1326\" data-elementor-post-type=\"page\">\n\t\t\t\t<div class=\"elementor-element elementor-element-f86e16d e-flex e-con-boxed e-con e-parent\" data-id=\"f86e16d\" data-element_type=\"container\" data-e-type=\"container\" data-settings=\"{&quot;background_background&quot;:&quot;classic&quot;,&quot;shape_divider_bottom&quot;:&quot;curve&quot;}\">\n\t\t\t\t\t<div class=\"e-con-inner\">\n\t\t\t\t<div class=\"elementor-shape elementor-shape-bottom\" aria-hidden=\"true\" data-negative=\"false\">\n\t\t\t<svg xmlns=\"http:\/\/www.w3.org\/2000\/svg\" viewBox=\"0 0 1000 100\" preserveAspectRatio=\"none\">\n    <path class=\"elementor-shape-fill\" d=\"M1000,4.3V0H0v4.3C0.9,23.1,126.7,99.2,500,100S1000,22.7,1000,4.3z\"\/>\n<\/svg>\t\t<\/div>\n\t\t\t\t\t<\/div>\n\t\t\t\t<\/div>\n\t\t<div class=\"elementor-element elementor-element-f04ae3b e-flex e-con-boxed e-con e-parent\" data-id=\"f04ae3b\" data-element_type=\"container\" data-e-type=\"container\">\n\t\t\t\t\t<div class=\"e-con-inner\">\n\t\t\t\t<div class=\"elementor-element elementor-element-870635d elementor-widget elementor-widget-heading\" data-id=\"870635d\" data-element_type=\"widget\" data-e-type=\"widget\" data-widget_type=\"heading.default\">\n\t\t\t\t<div class=\"elementor-widget-container\">\n\t\t\t\t\t<h1 class=\"elementor-heading-title elementor-size-default\">Virtuelle Tour<\/h1>\t\t\t\t<\/div>\n\t\t\t\t<\/div>\n\t\t\t\t<div class=\"elementor-element elementor-element-a67661a elementor-widget elementor-widget-heading\" data-id=\"a67661a\" data-element_type=\"widget\" data-e-type=\"widget\" data-widget_type=\"heading.default\">\n\t\t\t\t<div class=\"elementor-widget-container\">\n\t\t\t\t\t<h2 class=\"elementor-heading-title elementor-size-default\">Besuchen Sie unser Hotel von zu Hause aus<\/h2>\t\t\t\t<\/div>\n\t\t\t\t<\/div>\n\t\t\t\t<div class=\"elementor-element elementor-element-7156a6a elementor-widget-divider--view-line elementor-widget elementor-widget-divider\" data-id=\"7156a6a\" data-element_type=\"widget\" data-e-type=\"widget\" data-widget_type=\"divider.default\">\n\t\t\t\t<div class=\"elementor-widget-container\">\n\t\t\t\t\t\t\t<div class=\"elementor-divider\">\n\t\t\t<span class=\"elementor-divider-separator\">\n\t\t\t\t\t\t<\/span>\n\t\t<\/div>\n\t\t\t\t\t\t<\/div>\n\t\t\t\t<\/div>\n\t\t\t\t<div class=\"elementor-element elementor-element-3a76b5d elementor-widget elementor-widget-text-editor\" data-id=\"3a76b5d\" data-element_type=\"widget\" data-e-type=\"widget\" data-widget_type=\"text-editor.default\">\n\t\t\t\t<div class=\"elementor-widget-container\">\n\t\t\t\t\t\t\t\t\t<p>Treten Sie ein in die Welt des Best Western Gorizia Palace und erkunden Sie die R\u00e4umlichkeiten mit unserer neuen virtuellen Tour bequem von zu Hause aus, um eine einzigartige Vorschau auf Ihren n\u00e4chsten Aufenthalt in G\u00f6rz zu erhalten!<\/p>\n\t\t\t\t\t\t\t\t<\/div>\n\t\t\t\t<\/div>\n\t\t\t\t\t<\/div>\n\t\t\t\t<\/div>\n\t\t<div class=\"elementor-element elementor-element-b1596f1 e-flex e-con-boxed e-con e-parent\" data-id=\"b1596f1\" data-element_type=\"container\" data-e-type=\"container\">\n\t\t\t\t\t<div class=\"e-con-inner\">\n\t\t\t\t<div class=\"elementor-element elementor-element-0ce4319 elementor-widget elementor-widget-video\" data-id=\"0ce4319\" data-element_type=\"widget\" data-e-type=\"widget\" data-settings=\"{&quot;youtube_url&quot;:&quot;https:\\\/\\\/www.youtube.com\\\/watch?v=zRcOiSKeW2k&quot;,&quot;video_type&quot;:&quot;youtube&quot;,&quot;controls&quot;:&quot;yes&quot;}\" data-widget_type=\"video.default\">\n\t\t\t\t<div class=\"elementor-widget-container\">\n\t\t\t\t\t\t\t<div class=\"elementor-wrapper elementor-open-inline\">\n\t\t\t<div class=\"elementor-video\"><\/div>\t\t<\/div>\n\t\t\t\t\t\t<\/div>\n\t\t\t\t<\/div>\n\t\t\t\t\t<\/div>\n\t\t\t\t<\/div>\n\t\t\t\t<\/div>\n\t\t","protected":false},"excerpt":{"rendered":"<p>Virtuelle Tour Besuchen Sie unser Hotel von zu Hause aus Treten Sie ein in die Welt des Best Western Gorizia Palace und erkunden Sie die R\u00e4umlichkeiten mit unserer neuen virtuellen Tour bequem von zu Hause aus, um eine einzigartige Vorschau auf Ihren n\u00e4chsten Aufenthalt in G\u00f6rz zu erhalten!<\/p>\n","protected":false},"author":6,"featured_media":2313,"parent":2732,"menu_order":0,"comment_status":"closed","ping_status":"closed","template":"","meta":{"footnotes":""},"class_list":["post-2738","page","type-page","status-publish","has-post-thumbnail","hentry"],"yoast_head":"<!-- This site is optimized with the Yoast SEO plugin v27.3 - https:\/\/yoast.com\/product\/yoast-seo-wordpress\/ -->\n<title>Virtuelle Tour - Sie entdecken Best Western Gorizia Palace<\/title>\n<meta name=\"description\" content=\"Treten Sie ein in die Welt des Best Western Gorizia Palace: Entdecken Sie unsere Anlage bequem von zu Hause aus und besuchen Sie unsere R\u00e4umlichkeiten in der Vorschau.\" \/>\n<meta name=\"robots\" content=\"index, follow, max-snippet:-1, max-image-preview:large, max-video-preview:-1\" \/>\n<link rel=\"canonical\" href=\"https:\/\/www.goriziapalace.com\/de\/hotel\/virtuelle-tour-hotel\/\" \/>\n<meta property=\"og:locale\" content=\"de_DE\" \/>\n<meta property=\"og:type\" content=\"article\" \/>\n<meta property=\"og:title\" content=\"Virtuelle Tour - Sie entdecken Best Western Gorizia Palace\" \/>\n<meta property=\"og:description\" content=\"Treten Sie ein in die Welt des Best Western Gorizia Palace: Entdecken Sie unsere Anlage bequem von zu Hause aus und besuchen Sie unsere R\u00e4umlichkeiten in der Vorschau.\" \/>\n<meta property=\"og:url\" content=\"https:\/\/www.goriziapalace.com\/de\/hotel\/virtuelle-tour-hotel\/\" \/>\n<meta property=\"og:site_name\" content=\"98254 Gorizia Palace\" \/>\n<meta property=\"article:modified_time\" content=\"2025-04-14T11:37:59+00:00\" \/>\n<meta property=\"og:image\" content=\"https:\/\/bwh-cdn.neen.dev\/wp-content\/uploads\/sites\/170\/2025\/03\/BW-Gorizia-Palace-Hotel-Dettaglio-Ingresso1.webp\" \/>\n\t<meta property=\"og:image:width\" content=\"1920\" \/>\n\t<meta property=\"og:image:height\" content=\"1144\" \/>\n\t<meta property=\"og:image:type\" content=\"image\/webp\" \/>\n<meta name=\"twitter:card\" content=\"summary_large_image\" \/>\n<script type=\"application\/ld+json\" class=\"yoast-schema-graph\">{\"@context\":\"https:\\\/\\\/schema.org\",\"@graph\":[{\"@type\":\"WebPage\",\"@id\":\"https:\\\/\\\/www.goriziapalace.com\\\/de\\\/hotel\\\/virtuelle-tour-hotel\\\/\",\"url\":\"https:\\\/\\\/www.goriziapalace.com\\\/de\\\/hotel\\\/virtuelle-tour-hotel\\\/\",\"name\":\"Virtuelle Tour - Sie entdecken Best Western Gorizia Palace\",\"isPartOf\":{\"@id\":\"https:\\\/\\\/www.goriziapalace.com\\\/de\\\/#website\"},\"primaryImageOfPage\":{\"@id\":\"https:\\\/\\\/www.goriziapalace.com\\\/de\\\/hotel\\\/virtuelle-tour-hotel\\\/#primaryimage\"},\"image\":{\"@id\":\"https:\\\/\\\/www.goriziapalace.com\\\/de\\\/hotel\\\/virtuelle-tour-hotel\\\/#primaryimage\"},\"thumbnailUrl\":\"https:\\\/\\\/www.goriziapalace.com\\\/wp-content\\\/uploads\\\/sites\\\/170\\\/2025\\\/03\\\/BW-Gorizia-Palace-Hotel-Dettaglio-Ingresso1.webp\",\"datePublished\":\"2025-03-21T10:59:02+00:00\",\"dateModified\":\"2025-04-14T11:37:59+00:00\",\"description\":\"Treten Sie ein in die Welt des Best Western Gorizia Palace: Entdecken Sie unsere Anlage bequem von zu Hause aus und besuchen Sie unsere R\u00e4umlichkeiten in der Vorschau.\",\"breadcrumb\":{\"@id\":\"https:\\\/\\\/www.goriziapalace.com\\\/de\\\/hotel\\\/virtuelle-tour-hotel\\\/#breadcrumb\"},\"inLanguage\":\"de\",\"potentialAction\":[{\"@type\":\"ReadAction\",\"target\":[\"https:\\\/\\\/www.goriziapalace.com\\\/de\\\/hotel\\\/virtuelle-tour-hotel\\\/\"]}]},{\"@type\":\"ImageObject\",\"inLanguage\":\"de\",\"@id\":\"https:\\\/\\\/www.goriziapalace.com\\\/de\\\/hotel\\\/virtuelle-tour-hotel\\\/#primaryimage\",\"url\":\"https:\\\/\\\/www.goriziapalace.com\\\/wp-content\\\/uploads\\\/sites\\\/170\\\/2025\\\/03\\\/BW-Gorizia-Palace-Hotel-Dettaglio-Ingresso1.webp\",\"contentUrl\":\"https:\\\/\\\/www.goriziapalace.com\\\/wp-content\\\/uploads\\\/sites\\\/170\\\/2025\\\/03\\\/BW-Gorizia-Palace-Hotel-Dettaglio-Ingresso1.webp\",\"width\":1920,\"height\":1144,\"caption\":\"Entrance - Gorizia Palace Hotel\"},{\"@type\":\"BreadcrumbList\",\"@id\":\"https:\\\/\\\/www.goriziapalace.com\\\/de\\\/hotel\\\/virtuelle-tour-hotel\\\/#breadcrumb\",\"itemListElement\":[{\"@type\":\"ListItem\",\"position\":1,\"name\":\"Home\",\"item\":\"https:\\\/\\\/www.goriziapalace.com\\\/de\\\/home\\\/\"},{\"@type\":\"ListItem\",\"position\":2,\"name\":\"Hotel\",\"item\":\"https:\\\/\\\/www.goriziapalace.com\\\/de\\\/hotel\\\/\"},{\"@type\":\"ListItem\",\"position\":3,\"name\":\"Virtuelle Tour\"}]},{\"@type\":\"WebSite\",\"@id\":\"https:\\\/\\\/www.goriziapalace.com\\\/de\\\/#website\",\"url\":\"https:\\\/\\\/www.goriziapalace.com\\\/de\\\/\",\"name\":\"98254 Gorizia Palace\",\"description\":\"\",\"publisher\":{\"@id\":\"https:\\\/\\\/www.goriziapalace.com\\\/de\\\/#organization\"},\"potentialAction\":[{\"@type\":\"SearchAction\",\"target\":{\"@type\":\"EntryPoint\",\"urlTemplate\":\"https:\\\/\\\/www.goriziapalace.com\\\/de\\\/?s={search_term_string}\"},\"query-input\":{\"@type\":\"PropertyValueSpecification\",\"valueRequired\":true,\"valueName\":\"search_term_string\"}}],\"inLanguage\":\"de\"},{\"@type\":\"Organization\",\"@id\":\"https:\\\/\\\/www.goriziapalace.com\\\/de\\\/#organization\",\"name\":\"98254 Gorizia Palace\",\"url\":\"https:\\\/\\\/www.goriziapalace.com\\\/de\\\/\",\"logo\":{\"@type\":\"ImageObject\",\"inLanguage\":\"de\",\"@id\":\"https:\\\/\\\/www.goriziapalace.com\\\/de\\\/#\\\/schema\\\/logo\\\/image\\\/\",\"url\":\"https:\\\/\\\/www.goriziapalace.com\\\/wp-content\\\/uploads\\\/sites\\\/170\\\/2024\\\/07\\\/BW-core.png\",\"contentUrl\":\"https:\\\/\\\/www.goriziapalace.com\\\/wp-content\\\/uploads\\\/sites\\\/170\\\/2024\\\/07\\\/BW-core.png\",\"width\":2500,\"height\":916,\"caption\":\"98254 Gorizia Palace\"},\"image\":{\"@id\":\"https:\\\/\\\/www.goriziapalace.com\\\/de\\\/#\\\/schema\\\/logo\\\/image\\\/\"}}]}<\/script>\n<!-- \/ Yoast SEO plugin. -->","yoast_head_json":{"title":"Virtuelle Tour - Sie entdecken Best Western Gorizia Palace","description":"Treten Sie ein in die Welt des Best Western Gorizia Palace: Entdecken Sie unsere Anlage bequem von zu Hause aus und besuchen Sie unsere R\u00e4umlichkeiten in der Vorschau.","robots":{"index":"index","follow":"follow","max-snippet":"max-snippet:-1","max-image-preview":"max-image-preview:large","max-video-preview":"max-video-preview:-1"},"canonical":"https:\/\/www.goriziapalace.com\/de\/hotel\/virtuelle-tour-hotel\/","og_locale":"de_DE","og_type":"article","og_title":"Virtuelle Tour - Sie entdecken Best Western Gorizia Palace","og_description":"Treten Sie ein in die Welt des Best Western Gorizia Palace: Entdecken Sie unsere Anlage bequem von zu Hause aus und besuchen Sie unsere R\u00e4umlichkeiten in der Vorschau.","og_url":"https:\/\/www.goriziapalace.com\/de\/hotel\/virtuelle-tour-hotel\/","og_site_name":"98254 Gorizia Palace","article_modified_time":"2025-04-14T11:37:59+00:00","og_image":[{"width":1920,"height":1144,"url":"https:\/\/bwh-cdn.neen.dev\/wp-content\/uploads\/sites\/170\/2025\/03\/BW-Gorizia-Palace-Hotel-Dettaglio-Ingresso1.webp","type":"image\/webp"}],"twitter_card":"summary_large_image","schema":{"@context":"https:\/\/schema.org","@graph":[{"@type":"WebPage","@id":"https:\/\/www.goriziapalace.com\/de\/hotel\/virtuelle-tour-hotel\/","url":"https:\/\/www.goriziapalace.com\/de\/hotel\/virtuelle-tour-hotel\/","name":"Virtuelle Tour - Sie entdecken Best Western Gorizia Palace","isPartOf":{"@id":"https:\/\/www.goriziapalace.com\/de\/#website"},"primaryImageOfPage":{"@id":"https:\/\/www.goriziapalace.com\/de\/hotel\/virtuelle-tour-hotel\/#primaryimage"},"image":{"@id":"https:\/\/www.goriziapalace.com\/de\/hotel\/virtuelle-tour-hotel\/#primaryimage"},"thumbnailUrl":"https:\/\/www.goriziapalace.com\/wp-content\/uploads\/sites\/170\/2025\/03\/BW-Gorizia-Palace-Hotel-Dettaglio-Ingresso1.webp","datePublished":"2025-03-21T10:59:02+00:00","dateModified":"2025-04-14T11:37:59+00:00","description":"Treten Sie ein in die Welt des Best Western Gorizia Palace: Entdecken Sie unsere Anlage bequem von zu Hause aus und besuchen Sie unsere R\u00e4umlichkeiten in der Vorschau.","breadcrumb":{"@id":"https:\/\/www.goriziapalace.com\/de\/hotel\/virtuelle-tour-hotel\/#breadcrumb"},"inLanguage":"de","potentialAction":[{"@type":"ReadAction","target":["https:\/\/www.goriziapalace.com\/de\/hotel\/virtuelle-tour-hotel\/"]}]},{"@type":"ImageObject","inLanguage":"de","@id":"https:\/\/www.goriziapalace.com\/de\/hotel\/virtuelle-tour-hotel\/#primaryimage","url":"https:\/\/www.goriziapalace.com\/wp-content\/uploads\/sites\/170\/2025\/03\/BW-Gorizia-Palace-Hotel-Dettaglio-Ingresso1.webp","contentUrl":"https:\/\/www.goriziapalace.com\/wp-content\/uploads\/sites\/170\/2025\/03\/BW-Gorizia-Palace-Hotel-Dettaglio-Ingresso1.webp","width":1920,"height":1144,"caption":"Entrance - Gorizia Palace Hotel"},{"@type":"BreadcrumbList","@id":"https:\/\/www.goriziapalace.com\/de\/hotel\/virtuelle-tour-hotel\/#breadcrumb","itemListElement":[{"@type":"ListItem","position":1,"name":"Home","item":"https:\/\/www.goriziapalace.com\/de\/home\/"},{"@type":"ListItem","position":2,"name":"Hotel","item":"https:\/\/www.goriziapalace.com\/de\/hotel\/"},{"@type":"ListItem","position":3,"name":"Virtuelle Tour"}]},{"@type":"WebSite","@id":"https:\/\/www.goriziapalace.com\/de\/#website","url":"https:\/\/www.goriziapalace.com\/de\/","name":"98254 Gorizia Palace","description":"","publisher":{"@id":"https:\/\/www.goriziapalace.com\/de\/#organization"},"potentialAction":[{"@type":"SearchAction","target":{"@type":"EntryPoint","urlTemplate":"https:\/\/www.goriziapalace.com\/de\/?s={search_term_string}"},"query-input":{"@type":"PropertyValueSpecification","valueRequired":true,"valueName":"search_term_string"}}],"inLanguage":"de"},{"@type":"Organization","@id":"https:\/\/www.goriziapalace.com\/de\/#organization","name":"98254 Gorizia Palace","url":"https:\/\/www.goriziapalace.com\/de\/","logo":{"@type":"ImageObject","inLanguage":"de","@id":"https:\/\/www.goriziapalace.com\/de\/#\/schema\/logo\/image\/","url":"https:\/\/www.goriziapalace.com\/wp-content\/uploads\/sites\/170\/2024\/07\/BW-core.png","contentUrl":"https:\/\/www.goriziapalace.com\/wp-content\/uploads\/sites\/170\/2024\/07\/BW-core.png","width":2500,"height":916,"caption":"98254 Gorizia Palace"},"image":{"@id":"https:\/\/www.goriziapalace.com\/de\/#\/schema\/logo\/image\/"}}]}},"_links":{"self":[{"href":"https:\/\/www.goriziapalace.com\/de\/wp-json\/wp\/v2\/pages\/2738","targetHints":{"allow":["GET"]}}],"collection":[{"href":"https:\/\/www.goriziapalace.com\/de\/wp-json\/wp\/v2\/pages"}],"about":[{"href":"https:\/\/www.goriziapalace.com\/de\/wp-json\/wp\/v2\/types\/page"}],"author":[{"embeddable":true,"href":"https:\/\/www.goriziapalace.com\/de\/wp-json\/wp\/v2\/users\/6"}],"replies":[{"embeddable":true,"href":"https:\/\/www.goriziapalace.com\/de\/wp-json\/wp\/v2\/comments?post=2738"}],"version-history":[{"count":0,"href":"https:\/\/www.goriziapalace.com\/de\/wp-json\/wp\/v2\/pages\/2738\/revisions"}],"up":[{"embeddable":true,"href":"https:\/\/www.goriziapalace.com\/de\/wp-json\/wp\/v2\/pages\/2732"}],"wp:featuredmedia":[{"embeddable":true,"href":"https:\/\/www.goriziapalace.com\/de\/wp-json\/wp\/v2\/media\/2313"}],"wp:attachment":[{"href":"https:\/\/www.goriziapalace.com\/de\/wp-json\/wp\/v2\/media?parent=2738"}],"curies":[{"name":"wp","href":"https:\/\/api.w.org\/{rel}","templated":true}]}}