{"id":2753,"date":"2025-03-24T13:17:25","date_gmt":"2025-03-24T12:17:25","guid":{"rendered":"https:\/\/98254-goriziapalace.tempwebsite.it\/leistungen\/business-hotel\/"},"modified":"2025-04-14T13:34:41","modified_gmt":"2025-04-14T11:34:41","slug":"business-hotel-goerz","status":"publish","type":"page","link":"https:\/\/www.goriziapalace.com\/de\/leistungen-hotel-goerz\/business-hotel-goerz\/","title":{"rendered":"Business Hotel"},"content":{"rendered":"\t\t<div data-elementor-type=\"wp-page\" data-elementor-id=\"2753\" class=\"elementor elementor-2753 elementor-1494\" data-elementor-post-type=\"page\">\n\t\t\t\t<div class=\"elementor-element elementor-element-f86e16d e-flex e-con-boxed e-con e-parent\" data-id=\"f86e16d\" data-element_type=\"container\" data-e-type=\"container\" data-settings=\"{&quot;background_background&quot;:&quot;classic&quot;,&quot;shape_divider_bottom&quot;:&quot;curve&quot;}\">\n\t\t\t\t\t<div class=\"e-con-inner\">\n\t\t\t\t<div class=\"elementor-shape elementor-shape-bottom\" aria-hidden=\"true\" data-negative=\"false\">\n\t\t\t<svg xmlns=\"http:\/\/www.w3.org\/2000\/svg\" viewBox=\"0 0 1000 100\" preserveAspectRatio=\"none\">\n    <path class=\"elementor-shape-fill\" d=\"M1000,4.3V0H0v4.3C0.9,23.1,126.7,99.2,500,100S1000,22.7,1000,4.3z\"\/>\n<\/svg>\t\t<\/div>\n\t\t\t\t\t<\/div>\n\t\t\t\t<\/div>\n\t\t<div class=\"elementor-element elementor-element-9cd0ca2 e-flex e-con-boxed e-con e-parent\" data-id=\"9cd0ca2\" data-element_type=\"container\" data-e-type=\"container\">\n\t\t\t\t\t<div class=\"e-con-inner\">\n\t\t\t\t<div class=\"elementor-element elementor-element-f497dce elementor-widget elementor-widget-heading\" data-id=\"f497dce\" data-element_type=\"widget\" data-e-type=\"widget\" data-widget_type=\"heading.default\">\n\t\t\t\t<div class=\"elementor-widget-container\">\n\t\t\t\t\t<h1 class=\"elementor-heading-title elementor-size-default\">Business Hotel<\/h1>\t\t\t\t<\/div>\n\t\t\t\t<\/div>\n\t\t\t\t<div class=\"elementor-element elementor-element-3453b4b elementor-widget elementor-widget-heading\" data-id=\"3453b4b\" data-element_type=\"widget\" data-e-type=\"widget\" data-widget_type=\"heading.default\">\n\t\t\t\t<div class=\"elementor-widget-container\">\n\t\t\t\t\t<h2 class=\"elementor-heading-title elementor-size-default\">Sind Sie gesch\u00e4ftlich unterwegs? W\u00e4hlen Sie das Gorizia Palace Hotel <\/h2>\t\t\t\t<\/div>\n\t\t\t\t<\/div>\n\t\t\t\t<div class=\"elementor-element elementor-element-a74248c elementor-widget-divider--view-line elementor-widget elementor-widget-divider\" data-id=\"a74248c\" data-element_type=\"widget\" data-e-type=\"widget\" data-widget_type=\"divider.default\">\n\t\t\t\t<div class=\"elementor-widget-container\">\n\t\t\t\t\t\t\t<div class=\"elementor-divider\">\n\t\t\t<span class=\"elementor-divider-separator\">\n\t\t\t\t\t\t<\/span>\n\t\t<\/div>\n\t\t\t\t\t\t<\/div>\n\t\t\t\t<\/div>\n\t\t\t\t<div class=\"elementor-element elementor-element-767a875 elementor-widget elementor-widget-text-editor\" data-id=\"767a875\" data-element_type=\"widget\" data-e-type=\"widget\" data-widget_type=\"text-editor.default\">\n\t\t\t\t<div class=\"elementor-widget-container\">\n\t\t\t\t\t\t\t\t\t<p>Im Best Western Gorizia Palace Hotel bieten wir ein Package mit personalisierten Leistungen, <strong>das auf die besonderen Bed\u00fcrfnisse von Gesch\u00e4ftsreisenden eingeht<\/strong>: Komfort, Privatsph\u00e4re und Effizienz!<\/p>\n<p>Gesch\u00e4ftsreisende, die aus beruflichen Gr\u00fcnden oder wegen einer Tagung nach Gorizia kommen, erhalten mit diesem Package <strong>praktische Leistungen, die Ihnen die Bequemlichkeit des eigenen B\u00fcros bieten<\/strong>!<\/p>\n\t\t\t\t\t\t\t\t<\/div>\n\t\t\t\t<\/div>\n\t\t\t\t\t<\/div>\n\t\t\t\t<\/div>\n\t\t<div class=\"elementor-element elementor-element-cdca400 e-flex e-con-boxed e-con e-parent\" data-id=\"cdca400\" data-element_type=\"container\" data-e-type=\"container\" data-settings=\"{&quot;animation_mobile&quot;:&quot;none&quot;}\">\n\t\t\t\t\t<div class=\"e-con-inner\">\n\t\t<div class=\"elementor-element elementor-element-bb4a595 e-con-full e-flex elementor-invisible e-con e-child\" data-id=\"bb4a595\" data-element_type=\"container\" data-e-type=\"container\" data-settings=\"{&quot;motion_fx_motion_fx_scrolling&quot;:&quot;yes&quot;,&quot;animation&quot;:&quot;fadeInLeft&quot;,&quot;animation_mobile&quot;:&quot;fadeIn&quot;,&quot;background_background&quot;:&quot;classic&quot;,&quot;motion_fx_devices&quot;:[&quot;desktop&quot;,&quot;tablet&quot;,&quot;mobile&quot;]}\">\n\t\t<div class=\"elementor-element elementor-element-00d854e e-con-full e-flex e-con e-child\" data-id=\"00d854e\" data-element_type=\"container\" data-e-type=\"container\" data-settings=\"{&quot;animation_mobile&quot;:&quot;none&quot;}\">\n\t\t\t\t<div class=\"elementor-element elementor-element-ce41b4e elementor-widget elementor-widget-heading\" data-id=\"ce41b4e\" data-element_type=\"widget\" data-e-type=\"widget\" data-settings=\"{&quot;_animation_mobile&quot;:&quot;none&quot;}\" data-widget_type=\"heading.default\">\n\t\t\t\t<div class=\"elementor-widget-container\">\n\t\t\t\t\t<h3 class=\"elementor-heading-title elementor-size-default\">Kostenlose Leistungen<\/h3>\t\t\t\t<\/div>\n\t\t\t\t<\/div>\n\t\t\t\t<div class=\"elementor-element elementor-element-16a9bdb elementor-widget elementor-widget-text-editor\" data-id=\"16a9bdb\" data-element_type=\"widget\" data-e-type=\"widget\" data-settings=\"{&quot;_animation_mobile&quot;:&quot;none&quot;}\" data-widget_type=\"text-editor.default\">\n\t\t\t\t<div class=\"elementor-widget-container\">\n\t\t\t\t\t\t\t\t\t<ul>\n<li><strong>Kostenloses WLAN<\/strong> in den Zimmern und \u00f6ffentlichen Bereichen;<\/li>\n<li>Die <strong>wichtigsten Zeitungen <\/strong>sind in den Gemeinschaftsbereichen verf\u00fcgbar;<\/li>\n<li><strong>Business Point<\/strong> in der Halle mit PC, Scanner, Drucker und Internetanschluss;<\/li>\n<li><strong>Fr\u00fches Fr\u00fchst\u00fcck<\/strong> ab 5.00 Uhr;<\/li>\n<li>Auf Wunsch bieten wir einen<strong> Express-Check-out<\/strong> an, um Ihre Abreise zu beschleunigen.<\/li>\n<li><strong>Laptop-Safes <\/strong>an der Rezeption;<\/li>\n<li><strong>Universelle Handyladeger\u00e4te<\/strong> auf Anfrage.<\/li>\n<\/ul>\n\t\t\t\t\t\t\t\t<\/div>\n\t\t\t\t<\/div>\n\t\t\t\t<\/div>\n\t\t\t\t<\/div>\n\t\t<div class=\"elementor-element elementor-element-f5eb065 e-con-full e-flex elementor-invisible e-con e-child\" data-id=\"f5eb065\" data-element_type=\"container\" data-e-type=\"container\" data-settings=\"{&quot;background_background&quot;:&quot;classic&quot;,&quot;animation&quot;:&quot;fadeInRight&quot;,&quot;animation_mobile&quot;:&quot;none&quot;}\">\n\t\t\t\t<div class=\"elementor-element elementor-element-aec9ae9 elementor-widget elementor-widget-heading\" data-id=\"aec9ae9\" data-element_type=\"widget\" data-e-type=\"widget\" data-widget_type=\"heading.default\">\n\t\t\t\t<div class=\"elementor-widget-container\">\n\t\t\t\t\t<h3 class=\"elementor-heading-title elementor-size-default\">Business-Paket<\/h3>\t\t\t\t<\/div>\n\t\t\t\t<\/div>\n\t\t\t\t<div class=\"elementor-element elementor-element-bde3a9c elementor-widget-tablet__width-initial elementor-widget-mobile__width-inherit elementor-widget elementor-widget-text-editor\" data-id=\"bde3a9c\" data-element_type=\"widget\" data-e-type=\"widget\" data-widget_type=\"text-editor.default\">\n\t\t\t\t<div class=\"elementor-widget-container\">\n\t\t\t\t\t\t\t\t\t<p>Dar\u00fcber hinaus k\u00f6nnen Sie Ihren Aufenthalt individuell gestalten, indem Sie Ihrer Buchung das <strong>Business-Paket hinzuf\u00fcgen. Zum Preis von 5 \u20ac<\/strong> erhalten Sie:<\/p>\n<ul>\n<li>Kostenlose Minibar<\/li>\n<li>Wasserkocher f\u00fcr Tee und Kaffe<\/li>\n<li>Lap Tray f\u00fcrs Notebook<\/li>\n<li>Pflegeset<\/li>\n<li><strong>Tageszeitung <\/strong>auf dem Zimmer auf Anfrage<\/li>\n<\/ul>\n<p><strong>F\u00fcgen Sie das Business-Paket nach der Zimmerauswahl Ihrer Buchung<\/strong> hinzu oder fordern Sie es direkt beim Hotel an.<\/p>\n\t\t\t\t\t\t\t\t<\/div>\n\t\t\t\t<\/div>\n\t\t\t\t<\/div>\n\t\t\t\t\t<\/div>\n\t\t\t\t<\/div>\n\t\t<div class=\"elementor-element elementor-element-5d518bf e-flex e-con-boxed e-con e-parent\" data-id=\"5d518bf\" data-element_type=\"container\" data-e-type=\"container\" data-settings=\"{&quot;background_background&quot;:&quot;classic&quot;,&quot;shape_divider_top&quot;:&quot;curve&quot;}\">\n\t\t\t\t\t<div class=\"e-con-inner\">\n\t\t\t\t<div class=\"elementor-shape elementor-shape-top\" aria-hidden=\"true\" data-negative=\"false\">\n\t\t\t<svg xmlns=\"http:\/\/www.w3.org\/2000\/svg\" viewBox=\"0 0 1000 100\" preserveAspectRatio=\"none\">\n    <path class=\"elementor-shape-fill\" d=\"M1000,4.3V0H0v4.3C0.9,23.1,126.7,99.2,500,100S1000,22.7,1000,4.3z\"\/>\n<\/svg>\t\t<\/div>\n\t\t<div class=\"elementor-element elementor-element-43993c4 e-con-full e-flex e-con e-child\" data-id=\"43993c4\" data-element_type=\"container\" data-e-type=\"container\">\n\t\t\t\t<div class=\"elementor-element elementor-element-d4fe859 elementor-widget elementor-widget-heading\" data-id=\"d4fe859\" data-element_type=\"widget\" data-e-type=\"widget\" data-widget_type=\"heading.default\">\n\t\t\t\t<div class=\"elementor-widget-container\">\n\t\t\t\t\t<span class=\"elementor-heading-title elementor-size-default\">Anfrage f\u00fcr eine Vereinbarung f\u00fcr Vielreisende<\/span>\t\t\t\t<\/div>\n\t\t\t\t<\/div>\n\t\t\t\t<div class=\"elementor-element elementor-element-b36dd04 elementor-button-align-center elementor-widget elementor-widget-form\" data-id=\"b36dd04\" data-element_type=\"widget\" data-e-type=\"widget\" data-settings=\"{&quot;step_next_label&quot;:&quot;Nachfolge&quot;,&quot;step_previous_label&quot;:&quot;Pr\\u00e4zedenzfall&quot;,&quot;button_width&quot;:&quot;100&quot;,&quot;step_type&quot;:&quot;number_text&quot;,&quot;step_icon_shape&quot;:&quot;circle&quot;}\" data-widget_type=\"form.default\">\n\t\t\t\t<div class=\"elementor-widget-container\">\n\t\t\t\t\t\t\t<form class=\"elementor-form\" method=\"post\" name=\"Form Business Hotel viaggiatori frequenti\" aria-label=\"Form Business Hotel viaggiatori frequenti\">\n\t\t\t<input type=\"hidden\" name=\"post_id\" value=\"2753\"\/>\n\t\t\t<input type=\"hidden\" name=\"form_id\" value=\"b36dd04\"\/>\n\t\t\t<input type=\"hidden\" name=\"referer_title\" value=\"Business Hotel - Gesch\u00e4ftsreisen G\u00f6rz - BW Gorizia Palace\" \/>\n\n\t\t\t\t\t\t\t<input type=\"hidden\" name=\"queried_id\" value=\"2753\"\/>\n\t\t\t\n\t\t\t<div class=\"elementor-form-fields-wrapper elementor-labels-\">\n\t\t\t\t\t\t\t\t<div class=\"elementor-field-type-text elementor-field-group elementor-column elementor-field-group-name elementor-col-50 elementor-field-required\">\n\t\t\t\t\t\t\t\t\t\t\t\t<label for=\"form-field-name\" class=\"elementor-field-label elementor-screen-only\">\n\t\t\t\t\t\t\t\tAntragsteller\t\t\t\t\t\t\t<\/label>\n\t\t\t\t\t\t\t\t\t\t\t\t\t\t<input size=\"1\" type=\"text\" name=\"form_fields[name]\" id=\"form-field-name\" class=\"elementor-field elementor-size-sm  elementor-field-textual\" placeholder=\"Antragsteller*\" required=\"required\">\n\t\t\t\t\t\t\t\t\t\t\t<\/div>\n\t\t\t\t\t\t\t\t<div class=\"elementor-field-type-text elementor-field-group elementor-column elementor-field-group-field_452cd3c elementor-col-50 elementor-field-required\">\n\t\t\t\t\t\t\t\t\t\t\t\t<label for=\"form-field-field_452cd3c\" class=\"elementor-field-label elementor-screen-only\">\n\t\t\t\t\t\t\t\tName der Firma\t\t\t\t\t\t\t<\/label>\n\t\t\t\t\t\t\t\t\t\t\t\t\t\t<input size=\"1\" type=\"text\" name=\"form_fields[field_452cd3c]\" id=\"form-field-field_452cd3c\" class=\"elementor-field elementor-size-sm  elementor-field-textual\" placeholder=\"Name der Firma*\" required=\"required\">\n\t\t\t\t\t\t\t\t\t\t\t<\/div>\n\t\t\t\t\t\t\t\t<div class=\"elementor-field-type-email elementor-field-group elementor-column elementor-field-group-email elementor-col-50 elementor-field-required\">\n\t\t\t\t\t\t\t\t\t\t\t\t<label for=\"form-field-email\" class=\"elementor-field-label elementor-screen-only\">\n\t\t\t\t\t\t\t\tEmail\t\t\t\t\t\t\t<\/label>\n\t\t\t\t\t\t\t\t\t\t\t\t\t\t<input size=\"1\" type=\"email\" name=\"form_fields[email]\" id=\"form-field-email\" class=\"elementor-field elementor-size-sm  elementor-field-textual\" placeholder=\"Email*\" required=\"required\">\n\t\t\t\t\t\t\t\t\t\t\t<\/div>\n\t\t\t\t\t\t\t\t<div class=\"elementor-field-type-tel elementor-field-group elementor-column elementor-field-group-tel elementor-col-50 elementor-field-required\">\n\t\t\t\t\t\t\t\t\t\t\t\t<label for=\"form-field-tel\" class=\"elementor-field-label elementor-screen-only\">\n\t\t\t\t\t\t\t\tTelefon\t\t\t\t\t\t\t<\/label>\n\t\t\t\t\t\t\t\t<input size=\"1\" type=\"tel\" name=\"form_fields[tel]\" id=\"form-field-tel\" class=\"elementor-field elementor-size-sm  elementor-field-textual\" placeholder=\"Telefon*\" required=\"required\" pattern=\"[0-9()#&amp;+*-=.]+\" title=\"Nur Nummern oder Telefon-Zeichen (#, -, *, etc) werden akzeptiert.\">\n\n\t\t\t\t\t\t<\/div>\n\t\t\t\t\t\t\t\t<div class=\"elementor-field-type-textarea elementor-field-group elementor-column elementor-field-group-message elementor-col-100\">\n\t\t\t\t\t\t\t\t\t\t\t\t<label for=\"form-field-message\" class=\"elementor-field-label elementor-screen-only\">\n\t\t\t\t\t\t\t\tNachricht\t\t\t\t\t\t\t<\/label>\n\t\t\t\t\t\t<textarea class=\"elementor-field-textual elementor-field  elementor-size-sm\" name=\"form_fields[message]\" id=\"form-field-message\" rows=\"2\" placeholder=\"Zus\u00e4tzliche Dienste und\/oder Hinweise\"><\/textarea>\t\t\t\t<\/div>\n\t\t\t\t\t\t\t\t<div class=\"elementor-field-group elementor-column elementor-field-type-submit elementor-col-100 e-form__buttons\">\n\t\t\t\t\t<button class=\"elementor-button elementor-size-md\" type=\"submit\">\n\t\t\t\t\t\t<span class=\"elementor-button-content-wrapper\">\n\t\t\t\t\t\t\t\t\t\t\t\t\t\t\t\t\t\t\t\t\t\t<span class=\"elementor-button-text\">Senden<\/span>\n\t\t\t\t\t\t\t\t\t\t\t\t\t<\/span>\n\t\t\t\t\t<\/button>\n\t\t\t\t<\/div>\n\t\t\t<\/div>\n\t\t<\/form>\n\t\t\t\t\t\t<\/div>\n\t\t\t\t<\/div>\n\t\t\t\t<\/div>\n\t\t\t\t\t<\/div>\n\t\t\t\t<\/div>\n\t\t\t\t<\/div>\n\t\t","protected":false},"excerpt":{"rendered":"<p>Business Hotel Sind Sie gesch\u00e4ftlich unterwegs? W\u00e4hlen Sie das Gorizia Palace Hotel Im Best Western Gorizia Palace Hotel bieten wir ein Package mit personalisierten Leistungen, das auf die besonderen Bed\u00fcrfnisse von Gesch\u00e4ftsreisenden eingeht: Komfort, Privatsph\u00e4re und Effizienz! Gesch\u00e4ftsreisende, die aus beruflichen Gr\u00fcnden oder wegen einer Tagung nach Gorizia kommen, erhalten mit diesem Package praktische Leistungen, [&hellip;]<\/p>\n","protected":false},"author":6,"featured_media":2427,"parent":2749,"menu_order":0,"comment_status":"closed","ping_status":"closed","template":"","meta":{"footnotes":""},"class_list":["post-2753","page","type-page","status-publish","has-post-thumbnail","hentry"],"yoast_head":"<!-- This site is optimized with the Yoast SEO plugin v27.3 - https:\/\/yoast.com\/product\/yoast-seo-wordpress\/ -->\n<title>Business Hotel - Gesch\u00e4ftsreisen G\u00f6rz - BW Gorizia Palace<\/title>\n<meta name=\"description\" content=\"Im BW Gorizia Palace bieten wir personalisierte Services, um die besonderen Bed\u00fcrfnisse von Gesch\u00e4ftsreisenden zu erf\u00fcllen: Komfort, Privatsph\u00e4re und Effizienz!\" \/>\n<meta name=\"robots\" content=\"index, follow, max-snippet:-1, max-image-preview:large, max-video-preview:-1\" \/>\n<link rel=\"canonical\" href=\"https:\/\/www.goriziapalace.com\/de\/leistungen-hotel-goerz\/business-hotel-goerz\/\" \/>\n<meta property=\"og:locale\" content=\"de_DE\" \/>\n<meta property=\"og:type\" content=\"article\" \/>\n<meta property=\"og:title\" content=\"Business Hotel - Gesch\u00e4ftsreisen G\u00f6rz - BW Gorizia Palace\" \/>\n<meta property=\"og:description\" content=\"Im BW Gorizia Palace bieten wir personalisierte Services, um die besonderen Bed\u00fcrfnisse von Gesch\u00e4ftsreisenden zu erf\u00fcllen: Komfort, Privatsph\u00e4re und Effizienz!\" \/>\n<meta property=\"og:url\" content=\"https:\/\/www.goriziapalace.com\/de\/leistungen-hotel-goerz\/business-hotel-goerz\/\" \/>\n<meta property=\"og:site_name\" content=\"98254 Gorizia Palace\" \/>\n<meta property=\"article:modified_time\" content=\"2025-04-14T11:34:41+00:00\" \/>\n<meta property=\"og:image\" content=\"https:\/\/bwh-cdn.neen.dev\/wp-content\/uploads\/sites\/170\/2025\/03\/business.webp\" \/>\n\t<meta property=\"og:image:width\" content=\"1920\" \/>\n\t<meta property=\"og:image:height\" content=\"1280\" \/>\n\t<meta property=\"og:image:type\" content=\"image\/webp\" \/>\n<meta name=\"twitter:card\" content=\"summary_large_image\" \/>\n<meta name=\"twitter:label1\" content=\"Gesch\u00e4tzte Lesezeit\" \/>\n\t<meta name=\"twitter:data1\" content=\"1\u00a0Minute\" \/>\n<script type=\"application\/ld+json\" class=\"yoast-schema-graph\">{\"@context\":\"https:\\\/\\\/schema.org\",\"@graph\":[{\"@type\":\"WebPage\",\"@id\":\"https:\\\/\\\/www.goriziapalace.com\\\/de\\\/leistungen-hotel-goerz\\\/business-hotel-goerz\\\/\",\"url\":\"https:\\\/\\\/www.goriziapalace.com\\\/de\\\/leistungen-hotel-goerz\\\/business-hotel-goerz\\\/\",\"name\":\"Business Hotel - Gesch\u00e4ftsreisen G\u00f6rz - BW Gorizia Palace\",\"isPartOf\":{\"@id\":\"https:\\\/\\\/www.goriziapalace.com\\\/de\\\/#website\"},\"primaryImageOfPage\":{\"@id\":\"https:\\\/\\\/www.goriziapalace.com\\\/de\\\/leistungen-hotel-goerz\\\/business-hotel-goerz\\\/#primaryimage\"},\"image\":{\"@id\":\"https:\\\/\\\/www.goriziapalace.com\\\/de\\\/leistungen-hotel-goerz\\\/business-hotel-goerz\\\/#primaryimage\"},\"thumbnailUrl\":\"https:\\\/\\\/www.goriziapalace.com\\\/wp-content\\\/uploads\\\/sites\\\/170\\\/2025\\\/03\\\/business.webp\",\"datePublished\":\"2025-03-24T12:17:25+00:00\",\"dateModified\":\"2025-04-14T11:34:41+00:00\",\"description\":\"Im BW Gorizia Palace bieten wir personalisierte Services, um die besonderen Bed\u00fcrfnisse von Gesch\u00e4ftsreisenden zu erf\u00fcllen: Komfort, Privatsph\u00e4re und Effizienz!\",\"breadcrumb\":{\"@id\":\"https:\\\/\\\/www.goriziapalace.com\\\/de\\\/leistungen-hotel-goerz\\\/business-hotel-goerz\\\/#breadcrumb\"},\"inLanguage\":\"de\",\"potentialAction\":[{\"@type\":\"ReadAction\",\"target\":[\"https:\\\/\\\/www.goriziapalace.com\\\/de\\\/leistungen-hotel-goerz\\\/business-hotel-goerz\\\/\"]}]},{\"@type\":\"ImageObject\",\"inLanguage\":\"de\",\"@id\":\"https:\\\/\\\/www.goriziapalace.com\\\/de\\\/leistungen-hotel-goerz\\\/business-hotel-goerz\\\/#primaryimage\",\"url\":\"https:\\\/\\\/www.goriziapalace.com\\\/wp-content\\\/uploads\\\/sites\\\/170\\\/2025\\\/03\\\/business.webp\",\"contentUrl\":\"https:\\\/\\\/www.goriziapalace.com\\\/wp-content\\\/uploads\\\/sites\\\/170\\\/2025\\\/03\\\/business.webp\",\"width\":1920,\"height\":1280,\"caption\":\"Hotel Business - Gorizia Palace Hotel\"},{\"@type\":\"BreadcrumbList\",\"@id\":\"https:\\\/\\\/www.goriziapalace.com\\\/de\\\/leistungen-hotel-goerz\\\/business-hotel-goerz\\\/#breadcrumb\",\"itemListElement\":[{\"@type\":\"ListItem\",\"position\":1,\"name\":\"Home\",\"item\":\"https:\\\/\\\/www.goriziapalace.com\\\/de\\\/home\\\/\"},{\"@type\":\"ListItem\",\"position\":2,\"name\":\"Dienste\",\"item\":\"https:\\\/\\\/www.goriziapalace.com\\\/de\\\/leistungen-hotel-goerz\\\/\"},{\"@type\":\"ListItem\",\"position\":3,\"name\":\"Business Hotel\"}]},{\"@type\":\"WebSite\",\"@id\":\"https:\\\/\\\/www.goriziapalace.com\\\/de\\\/#website\",\"url\":\"https:\\\/\\\/www.goriziapalace.com\\\/de\\\/\",\"name\":\"98254 Gorizia Palace\",\"description\":\"\",\"publisher\":{\"@id\":\"https:\\\/\\\/www.goriziapalace.com\\\/de\\\/#organization\"},\"potentialAction\":[{\"@type\":\"SearchAction\",\"target\":{\"@type\":\"EntryPoint\",\"urlTemplate\":\"https:\\\/\\\/www.goriziapalace.com\\\/de\\\/?s={search_term_string}\"},\"query-input\":{\"@type\":\"PropertyValueSpecification\",\"valueRequired\":true,\"valueName\":\"search_term_string\"}}],\"inLanguage\":\"de\"},{\"@type\":\"Organization\",\"@id\":\"https:\\\/\\\/www.goriziapalace.com\\\/de\\\/#organization\",\"name\":\"98254 Gorizia Palace\",\"url\":\"https:\\\/\\\/www.goriziapalace.com\\\/de\\\/\",\"logo\":{\"@type\":\"ImageObject\",\"inLanguage\":\"de\",\"@id\":\"https:\\\/\\\/www.goriziapalace.com\\\/de\\\/#\\\/schema\\\/logo\\\/image\\\/\",\"url\":\"https:\\\/\\\/www.goriziapalace.com\\\/wp-content\\\/uploads\\\/sites\\\/170\\\/2024\\\/07\\\/BW-core.png\",\"contentUrl\":\"https:\\\/\\\/www.goriziapalace.com\\\/wp-content\\\/uploads\\\/sites\\\/170\\\/2024\\\/07\\\/BW-core.png\",\"width\":2500,\"height\":916,\"caption\":\"98254 Gorizia Palace\"},\"image\":{\"@id\":\"https:\\\/\\\/www.goriziapalace.com\\\/de\\\/#\\\/schema\\\/logo\\\/image\\\/\"}}]}<\/script>\n<!-- \/ Yoast SEO plugin. -->","yoast_head_json":{"title":"Business Hotel - Gesch\u00e4ftsreisen G\u00f6rz - BW Gorizia Palace","description":"Im BW Gorizia Palace bieten wir personalisierte Services, um die besonderen Bed\u00fcrfnisse von Gesch\u00e4ftsreisenden zu erf\u00fcllen: Komfort, Privatsph\u00e4re und Effizienz!","robots":{"index":"index","follow":"follow","max-snippet":"max-snippet:-1","max-image-preview":"max-image-preview:large","max-video-preview":"max-video-preview:-1"},"canonical":"https:\/\/www.goriziapalace.com\/de\/leistungen-hotel-goerz\/business-hotel-goerz\/","og_locale":"de_DE","og_type":"article","og_title":"Business Hotel - Gesch\u00e4ftsreisen G\u00f6rz - BW Gorizia Palace","og_description":"Im BW Gorizia Palace bieten wir personalisierte Services, um die besonderen Bed\u00fcrfnisse von Gesch\u00e4ftsreisenden zu erf\u00fcllen: Komfort, Privatsph\u00e4re und Effizienz!","og_url":"https:\/\/www.goriziapalace.com\/de\/leistungen-hotel-goerz\/business-hotel-goerz\/","og_site_name":"98254 Gorizia Palace","article_modified_time":"2025-04-14T11:34:41+00:00","og_image":[{"width":1920,"height":1280,"url":"https:\/\/bwh-cdn.neen.dev\/wp-content\/uploads\/sites\/170\/2025\/03\/business.webp","type":"image\/webp"}],"twitter_card":"summary_large_image","twitter_misc":{"Gesch\u00e4tzte Lesezeit":"1\u00a0Minute"},"schema":{"@context":"https:\/\/schema.org","@graph":[{"@type":"WebPage","@id":"https:\/\/www.goriziapalace.com\/de\/leistungen-hotel-goerz\/business-hotel-goerz\/","url":"https:\/\/www.goriziapalace.com\/de\/leistungen-hotel-goerz\/business-hotel-goerz\/","name":"Business Hotel - Gesch\u00e4ftsreisen G\u00f6rz - BW Gorizia Palace","isPartOf":{"@id":"https:\/\/www.goriziapalace.com\/de\/#website"},"primaryImageOfPage":{"@id":"https:\/\/www.goriziapalace.com\/de\/leistungen-hotel-goerz\/business-hotel-goerz\/#primaryimage"},"image":{"@id":"https:\/\/www.goriziapalace.com\/de\/leistungen-hotel-goerz\/business-hotel-goerz\/#primaryimage"},"thumbnailUrl":"https:\/\/www.goriziapalace.com\/wp-content\/uploads\/sites\/170\/2025\/03\/business.webp","datePublished":"2025-03-24T12:17:25+00:00","dateModified":"2025-04-14T11:34:41+00:00","description":"Im BW Gorizia Palace bieten wir personalisierte Services, um die besonderen Bed\u00fcrfnisse von Gesch\u00e4ftsreisenden zu erf\u00fcllen: Komfort, Privatsph\u00e4re und Effizienz!","breadcrumb":{"@id":"https:\/\/www.goriziapalace.com\/de\/leistungen-hotel-goerz\/business-hotel-goerz\/#breadcrumb"},"inLanguage":"de","potentialAction":[{"@type":"ReadAction","target":["https:\/\/www.goriziapalace.com\/de\/leistungen-hotel-goerz\/business-hotel-goerz\/"]}]},{"@type":"ImageObject","inLanguage":"de","@id":"https:\/\/www.goriziapalace.com\/de\/leistungen-hotel-goerz\/business-hotel-goerz\/#primaryimage","url":"https:\/\/www.goriziapalace.com\/wp-content\/uploads\/sites\/170\/2025\/03\/business.webp","contentUrl":"https:\/\/www.goriziapalace.com\/wp-content\/uploads\/sites\/170\/2025\/03\/business.webp","width":1920,"height":1280,"caption":"Hotel Business - Gorizia Palace Hotel"},{"@type":"BreadcrumbList","@id":"https:\/\/www.goriziapalace.com\/de\/leistungen-hotel-goerz\/business-hotel-goerz\/#breadcrumb","itemListElement":[{"@type":"ListItem","position":1,"name":"Home","item":"https:\/\/www.goriziapalace.com\/de\/home\/"},{"@type":"ListItem","position":2,"name":"Dienste","item":"https:\/\/www.goriziapalace.com\/de\/leistungen-hotel-goerz\/"},{"@type":"ListItem","position":3,"name":"Business Hotel"}]},{"@type":"WebSite","@id":"https:\/\/www.goriziapalace.com\/de\/#website","url":"https:\/\/www.goriziapalace.com\/de\/","name":"98254 Gorizia Palace","description":"","publisher":{"@id":"https:\/\/www.goriziapalace.com\/de\/#organization"},"potentialAction":[{"@type":"SearchAction","target":{"@type":"EntryPoint","urlTemplate":"https:\/\/www.goriziapalace.com\/de\/?s={search_term_string}"},"query-input":{"@type":"PropertyValueSpecification","valueRequired":true,"valueName":"search_term_string"}}],"inLanguage":"de"},{"@type":"Organization","@id":"https:\/\/www.goriziapalace.com\/de\/#organization","name":"98254 Gorizia Palace","url":"https:\/\/www.goriziapalace.com\/de\/","logo":{"@type":"ImageObject","inLanguage":"de","@id":"https:\/\/www.goriziapalace.com\/de\/#\/schema\/logo\/image\/","url":"https:\/\/www.goriziapalace.com\/wp-content\/uploads\/sites\/170\/2024\/07\/BW-core.png","contentUrl":"https:\/\/www.goriziapalace.com\/wp-content\/uploads\/sites\/170\/2024\/07\/BW-core.png","width":2500,"height":916,"caption":"98254 Gorizia Palace"},"image":{"@id":"https:\/\/www.goriziapalace.com\/de\/#\/schema\/logo\/image\/"}}]}},"_links":{"self":[{"href":"https:\/\/www.goriziapalace.com\/de\/wp-json\/wp\/v2\/pages\/2753","targetHints":{"allow":["GET"]}}],"collection":[{"href":"https:\/\/www.goriziapalace.com\/de\/wp-json\/wp\/v2\/pages"}],"about":[{"href":"https:\/\/www.goriziapalace.com\/de\/wp-json\/wp\/v2\/types\/page"}],"author":[{"embeddable":true,"href":"https:\/\/www.goriziapalace.com\/de\/wp-json\/wp\/v2\/users\/6"}],"replies":[{"embeddable":true,"href":"https:\/\/www.goriziapalace.com\/de\/wp-json\/wp\/v2\/comments?post=2753"}],"version-history":[{"count":0,"href":"https:\/\/www.goriziapalace.com\/de\/wp-json\/wp\/v2\/pages\/2753\/revisions"}],"up":[{"embeddable":true,"href":"https:\/\/www.goriziapalace.com\/de\/wp-json\/wp\/v2\/pages\/2749"}],"wp:featuredmedia":[{"embeddable":true,"href":"https:\/\/www.goriziapalace.com\/de\/wp-json\/wp\/v2\/media\/2427"}],"wp:attachment":[{"href":"https:\/\/www.goriziapalace.com\/de\/wp-json\/wp\/v2\/media?parent=2753"}],"curies":[{"name":"wp","href":"https:\/\/api.w.org\/{rel}","templated":true}]}}