{"id":2755,"date":"2025-03-24T13:23:50","date_gmt":"2025-03-24T12:23:50","guid":{"rendered":"https:\/\/98254-goriziapalace.tempwebsite.it\/leistungen\/silver-hotel\/"},"modified":"2025-04-14T13:36:02","modified_gmt":"2025-04-14T11:36:02","slug":"hotel-urber-65-jahrige-goerz","status":"publish","type":"page","link":"https:\/\/www.goriziapalace.com\/de\/leistungen-hotel-goerz\/hotel-urber-65-jahrige-goerz\/","title":{"rendered":"Silver Hotel"},"content":{"rendered":"\t\t<div data-elementor-type=\"wp-page\" data-elementor-id=\"2755\" class=\"elementor elementor-2755 elementor-1502\" data-elementor-post-type=\"page\">\n\t\t\t\t<div class=\"elementor-element elementor-element-f86e16d e-flex e-con-boxed e-con e-parent\" data-id=\"f86e16d\" data-element_type=\"container\" data-e-type=\"container\" data-settings=\"{&quot;background_background&quot;:&quot;classic&quot;,&quot;shape_divider_bottom&quot;:&quot;curve&quot;}\">\n\t\t\t\t\t<div class=\"e-con-inner\">\n\t\t\t\t<div class=\"elementor-shape elementor-shape-bottom\" aria-hidden=\"true\" data-negative=\"false\">\n\t\t\t<svg xmlns=\"http:\/\/www.w3.org\/2000\/svg\" viewBox=\"0 0 1000 100\" preserveAspectRatio=\"none\">\n    <path class=\"elementor-shape-fill\" d=\"M1000,4.3V0H0v4.3C0.9,23.1,126.7,99.2,500,100S1000,22.7,1000,4.3z\"\/>\n<\/svg>\t\t<\/div>\n\t\t\t\t\t<\/div>\n\t\t\t\t<\/div>\n\t\t<div class=\"elementor-element elementor-element-9cd0ca2 e-flex e-con-boxed e-con e-parent\" data-id=\"9cd0ca2\" data-element_type=\"container\" data-e-type=\"container\">\n\t\t\t\t\t<div class=\"e-con-inner\">\n\t\t\t\t<div class=\"elementor-element elementor-element-f497dce elementor-widget elementor-widget-heading\" data-id=\"f497dce\" data-element_type=\"widget\" data-e-type=\"widget\" data-widget_type=\"heading.default\">\n\t\t\t\t<div class=\"elementor-widget-container\">\n\t\t\t\t\t<h1 class=\"elementor-heading-title elementor-size-default\">Silver Hotel<\/h1>\t\t\t\t<\/div>\n\t\t\t\t<\/div>\n\t\t\t\t<div class=\"elementor-element elementor-element-3453b4b elementor-widget elementor-widget-heading\" data-id=\"3453b4b\" data-element_type=\"widget\" data-e-type=\"widget\" data-widget_type=\"heading.default\">\n\t\t\t\t<div class=\"elementor-widget-container\">\n\t\t\t\t\t<h2 class=\"elementor-heading-title elementor-size-default\">Sind Sie ein Reisender \u00fcber 65? W\u00e4hlen Sie das Gorizia Palace Hotel! <\/h2>\t\t\t\t<\/div>\n\t\t\t\t<\/div>\n\t\t\t\t<div class=\"elementor-element elementor-element-a74248c elementor-widget-divider--view-line elementor-widget elementor-widget-divider\" data-id=\"a74248c\" data-element_type=\"widget\" data-e-type=\"widget\" data-widget_type=\"divider.default\">\n\t\t\t\t<div class=\"elementor-widget-container\">\n\t\t\t\t\t\t\t<div class=\"elementor-divider\">\n\t\t\t<span class=\"elementor-divider-separator\">\n\t\t\t\t\t\t<\/span>\n\t\t<\/div>\n\t\t\t\t\t\t<\/div>\n\t\t\t\t<\/div>\n\t\t\t\t<div class=\"elementor-element elementor-element-767a875 elementor-widget elementor-widget-text-editor\" data-id=\"767a875\" data-element_type=\"widget\" data-e-type=\"widget\" data-widget_type=\"text-editor.default\">\n\t\t\t\t<div class=\"elementor-widget-container\">\n\t\t\t\t\t\t\t\t\t<p>Im Best Western Gorizia Palace bieten wir viele<strong> Aufmerksamkeiten<\/strong> f\u00fcr diejenigen, die <strong>Slow Tourism<\/strong> lieben und die Stadt und ihre H\u00fcgel mit allem <strong>Komfort<\/strong> entdecken m\u00f6chten!<\/p>\n<p>F\u00fcr<strong> Reisende \u00fcber 65<\/strong>, die G\u00f6rz und seine H\u00fcgel besuchen m\u00f6chten, gibt es <strong>viele Dienstleistungen und Annehmlichkeiten wie eine kostenlose Flasche Wasser bei der Ankunft, einen kostenlosen Gep\u00e4ckservice, 10 % Rabatt auf interne Hoteldienstleistungen<\/strong> sowie Beratung und Wegbeschreibungen zu lokalen Sehensw\u00fcrdigkeiten und Servicereservierungen.<\/p>\n\t\t\t\t\t\t\t\t<\/div>\n\t\t\t\t<\/div>\n\t\t\t\t\t<\/div>\n\t\t\t\t<\/div>\n\t\t<div class=\"elementor-element elementor-element-cdca400 e-flex e-con-boxed e-con e-parent\" data-id=\"cdca400\" data-element_type=\"container\" data-e-type=\"container\" data-settings=\"{&quot;animation_mobile&quot;:&quot;none&quot;}\">\n\t\t\t\t\t<div class=\"e-con-inner\">\n\t\t<div class=\"elementor-element elementor-element-bb4a595 e-con-full e-flex elementor-invisible e-con e-child\" data-id=\"bb4a595\" data-element_type=\"container\" data-e-type=\"container\" data-settings=\"{&quot;motion_fx_motion_fx_scrolling&quot;:&quot;yes&quot;,&quot;animation&quot;:&quot;fadeInLeft&quot;,&quot;animation_mobile&quot;:&quot;fadeIn&quot;,&quot;background_background&quot;:&quot;classic&quot;,&quot;motion_fx_devices&quot;:[&quot;desktop&quot;,&quot;tablet&quot;,&quot;mobile&quot;]}\">\n\t\t<div class=\"elementor-element elementor-element-00d854e e-con-full e-flex e-con e-child\" data-id=\"00d854e\" data-element_type=\"container\" data-e-type=\"container\" data-settings=\"{&quot;animation_mobile&quot;:&quot;none&quot;}\">\n\t\t\t\t<div class=\"elementor-element elementor-element-ce41b4e elementor-widget elementor-widget-heading\" data-id=\"ce41b4e\" data-element_type=\"widget\" data-e-type=\"widget\" data-settings=\"{&quot;_animation_mobile&quot;:&quot;none&quot;}\" data-widget_type=\"heading.default\">\n\t\t\t\t<div class=\"elementor-widget-container\">\n\t\t\t\t\t<h3 class=\"elementor-heading-title elementor-size-default\">Kostenlose Leistungen<\/h3>\t\t\t\t<\/div>\n\t\t\t\t<\/div>\n\t\t\t\t<div class=\"elementor-element elementor-element-3c8d154 elementor-widget elementor-widget-text-editor\" data-id=\"3c8d154\" data-element_type=\"widget\" data-e-type=\"widget\" data-settings=\"{&quot;_animation_mobile&quot;:&quot;none&quot;}\" data-widget_type=\"text-editor.default\">\n\t\t\t\t<div class=\"elementor-widget-container\">\n\t\t\t\t\t\t\t\t\t<ul>\n<li>Ein f\u00fcrsorglicher Concierge unterst\u00fctzt Sie bei der digitalen Anbindung, beim Ein- und Auschecken und gibt Ihnen Wegbeschreibungen, Tipps und Ratschl\u00e4ge zu lokalen Sehensw\u00fcrdigkeiten und Servicebuchungen;<\/li>\n<li>Kostenlose Wasserflasche bei der Ankunft;<\/li>\n<li>10 % Rabatt auf interne Hoteldienstleistungen;<\/li>\n<li>Parkplatz, bequem und in der N\u00e4he des Eingangs;<\/li>\n<li>Fr\u00fchst\u00fccksecke mit nat\u00fcrlichen und gesunden Produkten;<\/li>\n<li>Vorschlag f\u00fcr lokale Erlebnisse, die mit Anbietern vor Ort organisiert werden;<\/li>\n<li>Transferservice auf Anfrage;<\/li>\n<li>Kostenlose Gep\u00e4ckaufbewahrung;<\/li>\n<li>Wenden Sie sich an den medizinischen Notdienst, der rund um die Uhr erreichbar ist.<\/li>\n<\/ul>\n<p>Das Hotel verf\u00fcgt \u00fcber barrierefreie Zimmer, jederzeit zug\u00e4ngliche Gemeinschaftsr\u00e4ume, einen Restaurant-Service f\u00fcr die drei Hauptmahlzeiten \u2013 Fr\u00fchst\u00fcck, Mittag- und Abendessen \u2013 und eine rund um die Uhr ge\u00f6ffnete Bar.<\/p>\n\t\t\t\t\t\t\t\t<\/div>\n\t\t\t\t<\/div>\n\t\t\t\t<\/div>\n\t\t\t\t<\/div>\n\t\t<div class=\"elementor-element elementor-element-f5eb065 e-con-full e-flex elementor-invisible e-con e-child\" data-id=\"f5eb065\" data-element_type=\"container\" data-e-type=\"container\" data-settings=\"{&quot;background_background&quot;:&quot;classic&quot;,&quot;animation&quot;:&quot;fadeInRight&quot;,&quot;animation_mobile&quot;:&quot;none&quot;}\">\n\t\t\t\t<div class=\"elementor-element elementor-element-aec9ae9 elementor-widget elementor-widget-heading\" data-id=\"aec9ae9\" data-element_type=\"widget\" data-e-type=\"widget\" data-widget_type=\"heading.default\">\n\t\t\t\t<div class=\"elementor-widget-container\">\n\t\t\t\t\t<h3 class=\"elementor-heading-title elementor-size-default\">Silver-Paket<\/h3>\t\t\t\t<\/div>\n\t\t\t\t<\/div>\n\t\t\t\t<div class=\"elementor-element elementor-element-bde3a9c elementor-widget-tablet__width-initial elementor-widget-mobile__width-inherit elementor-widget elementor-widget-text-editor\" data-id=\"bde3a9c\" data-element_type=\"widget\" data-e-type=\"widget\" data-widget_type=\"text-editor.default\">\n\t\t\t\t<div class=\"elementor-widget-container\">\n\t\t\t\t\t\t\t\t\t<p>Dar\u00fcber hinaus k\u00f6nnen Sie Ihren Aufenthalt individuell gestalten, indem Sie das <strong>Silver-Paket f\u00fcr 10 \u20ac pro Zimmer<\/strong> zu Ihrer Buchung hinzuf\u00fcgen und erhalten:<\/p>\n<ul>\n<li>Einen <strong>Wasserkocher<\/strong> mit einer Auswahl an Tees auf dem Zimmer<\/li>\n<li><strong>Pantoffeln und Bademantel<\/strong><\/li>\n<li><strong>H\u00f6flichkeitslinie<\/strong><\/li>\n<li>Free Minibar mit Snacks und Erfrischungsgetr\u00e4nken (1 Flasche stilles Wasser, 1 Flasche Wasser mit Kohlens\u00e4ure, 1 Dose Cola, 1 P\u00e4ckchen Erdn\u00fcsse und 1 P\u00e4ckchen Kekse)<\/li>\n<\/ul>\n<p><strong>F\u00fcgen Sie das Silver-Paket Ihrer Buchung hinzu<\/strong>, nachdem Sie Ihr Zimmer ausgew\u00e4hlt haben, oder fordern Sie es direkt beim Hotel a<\/p>\n\t\t\t\t\t\t\t\t<\/div>\n\t\t\t\t<\/div>\n\t\t\t\t<\/div>\n\t\t\t\t\t<\/div>\n\t\t\t\t<\/div>\n\t\t\t\t<\/div>\n\t\t","protected":false},"excerpt":{"rendered":"<p>Silver Hotel Sind Sie ein Reisender \u00fcber 65? W\u00e4hlen Sie das Gorizia Palace Hotel! Im Best Western Gorizia Palace bieten wir viele Aufmerksamkeiten f\u00fcr diejenigen, die Slow Tourism lieben und die Stadt und ihre H\u00fcgel mit allem Komfort entdecken m\u00f6chten! F\u00fcr Reisende \u00fcber 65, die G\u00f6rz und seine H\u00fcgel besuchen m\u00f6chten, gibt es viele Dienstleistungen [&hellip;]<\/p>\n","protected":false},"author":6,"featured_media":2429,"parent":2749,"menu_order":0,"comment_status":"closed","ping_status":"closed","template":"","meta":{"footnotes":""},"class_list":["post-2755","page","type-page","status-publish","has-post-thumbnail","hentry"],"yoast_head":"<!-- This site is optimized with the Yoast SEO plugin v27.3 - https:\/\/yoast.com\/product\/yoast-seo-wordpress\/ -->\n<title>Hotel Silver - \u00dcber 65 Dienste - Best Western Gorizia Palace<\/title>\n<meta name=\"description\" content=\"Im Best Western Gorizia Palace gibt es viele Aufmerksamkeiten f\u00fcr diejenigen, die den Slow Tourism lieben und Gorizia mit allem Komfort entdecken m\u00f6chten!\" \/>\n<meta name=\"robots\" content=\"index, follow, max-snippet:-1, max-image-preview:large, max-video-preview:-1\" \/>\n<link rel=\"canonical\" href=\"https:\/\/www.goriziapalace.com\/de\/leistungen-hotel-goerz\/hotel-urber-65-jahrige-goerz\/\" \/>\n<meta property=\"og:locale\" content=\"de_DE\" \/>\n<meta property=\"og:type\" content=\"article\" \/>\n<meta property=\"og:title\" content=\"Hotel Silver - \u00dcber 65 Dienste - Best Western Gorizia Palace\" \/>\n<meta property=\"og:description\" content=\"Im Best Western Gorizia Palace gibt es viele Aufmerksamkeiten f\u00fcr diejenigen, die den Slow Tourism lieben und Gorizia mit allem Komfort entdecken m\u00f6chten!\" \/>\n<meta property=\"og:url\" content=\"https:\/\/www.goriziapalace.com\/de\/leistungen-hotel-goerz\/hotel-urber-65-jahrige-goerz\/\" \/>\n<meta property=\"og:site_name\" content=\"98254 Gorizia Palace\" \/>\n<meta property=\"article:modified_time\" content=\"2025-04-14T11:36:02+00:00\" \/>\n<meta property=\"og:image\" content=\"https:\/\/bwh-cdn.neen.dev\/wp-content\/uploads\/sites\/170\/2025\/03\/silver.webp\" \/>\n\t<meta property=\"og:image:width\" content=\"1920\" \/>\n\t<meta property=\"og:image:height\" content=\"1280\" \/>\n\t<meta property=\"og:image:type\" content=\"image\/webp\" \/>\n<meta name=\"twitter:card\" content=\"summary_large_image\" \/>\n<meta name=\"twitter:label1\" content=\"Gesch\u00e4tzte Lesezeit\" \/>\n\t<meta name=\"twitter:data1\" content=\"2\u00a0Minuten\" \/>\n<script type=\"application\/ld+json\" class=\"yoast-schema-graph\">{\"@context\":\"https:\\\/\\\/schema.org\",\"@graph\":[{\"@type\":\"WebPage\",\"@id\":\"https:\\\/\\\/www.goriziapalace.com\\\/de\\\/leistungen-hotel-goerz\\\/hotel-urber-65-jahrige-goerz\\\/\",\"url\":\"https:\\\/\\\/www.goriziapalace.com\\\/de\\\/leistungen-hotel-goerz\\\/hotel-urber-65-jahrige-goerz\\\/\",\"name\":\"Hotel Silver - \u00dcber 65 Dienste - Best Western Gorizia Palace\",\"isPartOf\":{\"@id\":\"https:\\\/\\\/www.goriziapalace.com\\\/de\\\/#website\"},\"primaryImageOfPage\":{\"@id\":\"https:\\\/\\\/www.goriziapalace.com\\\/de\\\/leistungen-hotel-goerz\\\/hotel-urber-65-jahrige-goerz\\\/#primaryimage\"},\"image\":{\"@id\":\"https:\\\/\\\/www.goriziapalace.com\\\/de\\\/leistungen-hotel-goerz\\\/hotel-urber-65-jahrige-goerz\\\/#primaryimage\"},\"thumbnailUrl\":\"https:\\\/\\\/www.goriziapalace.com\\\/wp-content\\\/uploads\\\/sites\\\/170\\\/2025\\\/03\\\/silver.webp\",\"datePublished\":\"2025-03-24T12:23:50+00:00\",\"dateModified\":\"2025-04-14T11:36:02+00:00\",\"description\":\"Im Best Western Gorizia Palace gibt es viele Aufmerksamkeiten f\u00fcr diejenigen, die den Slow Tourism lieben und Gorizia mit allem Komfort entdecken m\u00f6chten!\",\"breadcrumb\":{\"@id\":\"https:\\\/\\\/www.goriziapalace.com\\\/de\\\/leistungen-hotel-goerz\\\/hotel-urber-65-jahrige-goerz\\\/#breadcrumb\"},\"inLanguage\":\"de\",\"potentialAction\":[{\"@type\":\"ReadAction\",\"target\":[\"https:\\\/\\\/www.goriziapalace.com\\\/de\\\/leistungen-hotel-goerz\\\/hotel-urber-65-jahrige-goerz\\\/\"]}]},{\"@type\":\"ImageObject\",\"inLanguage\":\"de\",\"@id\":\"https:\\\/\\\/www.goriziapalace.com\\\/de\\\/leistungen-hotel-goerz\\\/hotel-urber-65-jahrige-goerz\\\/#primaryimage\",\"url\":\"https:\\\/\\\/www.goriziapalace.com\\\/wp-content\\\/uploads\\\/sites\\\/170\\\/2025\\\/03\\\/silver.webp\",\"contentUrl\":\"https:\\\/\\\/www.goriziapalace.com\\\/wp-content\\\/uploads\\\/sites\\\/170\\\/2025\\\/03\\\/silver.webp\",\"width\":1920,\"height\":1280,\"caption\":\"Silver Hotel - Gorizia Palace Hotel\"},{\"@type\":\"BreadcrumbList\",\"@id\":\"https:\\\/\\\/www.goriziapalace.com\\\/de\\\/leistungen-hotel-goerz\\\/hotel-urber-65-jahrige-goerz\\\/#breadcrumb\",\"itemListElement\":[{\"@type\":\"ListItem\",\"position\":1,\"name\":\"Home\",\"item\":\"https:\\\/\\\/www.goriziapalace.com\\\/de\\\/home\\\/\"},{\"@type\":\"ListItem\",\"position\":2,\"name\":\"Dienste\",\"item\":\"https:\\\/\\\/www.goriziapalace.com\\\/de\\\/leistungen-hotel-goerz\\\/\"},{\"@type\":\"ListItem\",\"position\":3,\"name\":\"Silver Hotel\"}]},{\"@type\":\"WebSite\",\"@id\":\"https:\\\/\\\/www.goriziapalace.com\\\/de\\\/#website\",\"url\":\"https:\\\/\\\/www.goriziapalace.com\\\/de\\\/\",\"name\":\"98254 Gorizia Palace\",\"description\":\"\",\"publisher\":{\"@id\":\"https:\\\/\\\/www.goriziapalace.com\\\/de\\\/#organization\"},\"potentialAction\":[{\"@type\":\"SearchAction\",\"target\":{\"@type\":\"EntryPoint\",\"urlTemplate\":\"https:\\\/\\\/www.goriziapalace.com\\\/de\\\/?s={search_term_string}\"},\"query-input\":{\"@type\":\"PropertyValueSpecification\",\"valueRequired\":true,\"valueName\":\"search_term_string\"}}],\"inLanguage\":\"de\"},{\"@type\":\"Organization\",\"@id\":\"https:\\\/\\\/www.goriziapalace.com\\\/de\\\/#organization\",\"name\":\"98254 Gorizia Palace\",\"url\":\"https:\\\/\\\/www.goriziapalace.com\\\/de\\\/\",\"logo\":{\"@type\":\"ImageObject\",\"inLanguage\":\"de\",\"@id\":\"https:\\\/\\\/www.goriziapalace.com\\\/de\\\/#\\\/schema\\\/logo\\\/image\\\/\",\"url\":\"https:\\\/\\\/www.goriziapalace.com\\\/wp-content\\\/uploads\\\/sites\\\/170\\\/2024\\\/07\\\/BW-core.png\",\"contentUrl\":\"https:\\\/\\\/www.goriziapalace.com\\\/wp-content\\\/uploads\\\/sites\\\/170\\\/2024\\\/07\\\/BW-core.png\",\"width\":2500,\"height\":916,\"caption\":\"98254 Gorizia Palace\"},\"image\":{\"@id\":\"https:\\\/\\\/www.goriziapalace.com\\\/de\\\/#\\\/schema\\\/logo\\\/image\\\/\"}}]}<\/script>\n<!-- \/ Yoast SEO plugin. -->","yoast_head_json":{"title":"Hotel Silver - \u00dcber 65 Dienste - Best Western Gorizia Palace","description":"Im Best Western Gorizia Palace gibt es viele Aufmerksamkeiten f\u00fcr diejenigen, die den Slow Tourism lieben und Gorizia mit allem Komfort entdecken m\u00f6chten!","robots":{"index":"index","follow":"follow","max-snippet":"max-snippet:-1","max-image-preview":"max-image-preview:large","max-video-preview":"max-video-preview:-1"},"canonical":"https:\/\/www.goriziapalace.com\/de\/leistungen-hotel-goerz\/hotel-urber-65-jahrige-goerz\/","og_locale":"de_DE","og_type":"article","og_title":"Hotel Silver - \u00dcber 65 Dienste - Best Western Gorizia Palace","og_description":"Im Best Western Gorizia Palace gibt es viele Aufmerksamkeiten f\u00fcr diejenigen, die den Slow Tourism lieben und Gorizia mit allem Komfort entdecken m\u00f6chten!","og_url":"https:\/\/www.goriziapalace.com\/de\/leistungen-hotel-goerz\/hotel-urber-65-jahrige-goerz\/","og_site_name":"98254 Gorizia Palace","article_modified_time":"2025-04-14T11:36:02+00:00","og_image":[{"width":1920,"height":1280,"url":"https:\/\/bwh-cdn.neen.dev\/wp-content\/uploads\/sites\/170\/2025\/03\/silver.webp","type":"image\/webp"}],"twitter_card":"summary_large_image","twitter_misc":{"Gesch\u00e4tzte Lesezeit":"2\u00a0Minuten"},"schema":{"@context":"https:\/\/schema.org","@graph":[{"@type":"WebPage","@id":"https:\/\/www.goriziapalace.com\/de\/leistungen-hotel-goerz\/hotel-urber-65-jahrige-goerz\/","url":"https:\/\/www.goriziapalace.com\/de\/leistungen-hotel-goerz\/hotel-urber-65-jahrige-goerz\/","name":"Hotel Silver - \u00dcber 65 Dienste - Best Western Gorizia Palace","isPartOf":{"@id":"https:\/\/www.goriziapalace.com\/de\/#website"},"primaryImageOfPage":{"@id":"https:\/\/www.goriziapalace.com\/de\/leistungen-hotel-goerz\/hotel-urber-65-jahrige-goerz\/#primaryimage"},"image":{"@id":"https:\/\/www.goriziapalace.com\/de\/leistungen-hotel-goerz\/hotel-urber-65-jahrige-goerz\/#primaryimage"},"thumbnailUrl":"https:\/\/www.goriziapalace.com\/wp-content\/uploads\/sites\/170\/2025\/03\/silver.webp","datePublished":"2025-03-24T12:23:50+00:00","dateModified":"2025-04-14T11:36:02+00:00","description":"Im Best Western Gorizia Palace gibt es viele Aufmerksamkeiten f\u00fcr diejenigen, die den Slow Tourism lieben und Gorizia mit allem Komfort entdecken m\u00f6chten!","breadcrumb":{"@id":"https:\/\/www.goriziapalace.com\/de\/leistungen-hotel-goerz\/hotel-urber-65-jahrige-goerz\/#breadcrumb"},"inLanguage":"de","potentialAction":[{"@type":"ReadAction","target":["https:\/\/www.goriziapalace.com\/de\/leistungen-hotel-goerz\/hotel-urber-65-jahrige-goerz\/"]}]},{"@type":"ImageObject","inLanguage":"de","@id":"https:\/\/www.goriziapalace.com\/de\/leistungen-hotel-goerz\/hotel-urber-65-jahrige-goerz\/#primaryimage","url":"https:\/\/www.goriziapalace.com\/wp-content\/uploads\/sites\/170\/2025\/03\/silver.webp","contentUrl":"https:\/\/www.goriziapalace.com\/wp-content\/uploads\/sites\/170\/2025\/03\/silver.webp","width":1920,"height":1280,"caption":"Silver Hotel - Gorizia Palace Hotel"},{"@type":"BreadcrumbList","@id":"https:\/\/www.goriziapalace.com\/de\/leistungen-hotel-goerz\/hotel-urber-65-jahrige-goerz\/#breadcrumb","itemListElement":[{"@type":"ListItem","position":1,"name":"Home","item":"https:\/\/www.goriziapalace.com\/de\/home\/"},{"@type":"ListItem","position":2,"name":"Dienste","item":"https:\/\/www.goriziapalace.com\/de\/leistungen-hotel-goerz\/"},{"@type":"ListItem","position":3,"name":"Silver Hotel"}]},{"@type":"WebSite","@id":"https:\/\/www.goriziapalace.com\/de\/#website","url":"https:\/\/www.goriziapalace.com\/de\/","name":"98254 Gorizia Palace","description":"","publisher":{"@id":"https:\/\/www.goriziapalace.com\/de\/#organization"},"potentialAction":[{"@type":"SearchAction","target":{"@type":"EntryPoint","urlTemplate":"https:\/\/www.goriziapalace.com\/de\/?s={search_term_string}"},"query-input":{"@type":"PropertyValueSpecification","valueRequired":true,"valueName":"search_term_string"}}],"inLanguage":"de"},{"@type":"Organization","@id":"https:\/\/www.goriziapalace.com\/de\/#organization","name":"98254 Gorizia Palace","url":"https:\/\/www.goriziapalace.com\/de\/","logo":{"@type":"ImageObject","inLanguage":"de","@id":"https:\/\/www.goriziapalace.com\/de\/#\/schema\/logo\/image\/","url":"https:\/\/www.goriziapalace.com\/wp-content\/uploads\/sites\/170\/2024\/07\/BW-core.png","contentUrl":"https:\/\/www.goriziapalace.com\/wp-content\/uploads\/sites\/170\/2024\/07\/BW-core.png","width":2500,"height":916,"caption":"98254 Gorizia Palace"},"image":{"@id":"https:\/\/www.goriziapalace.com\/de\/#\/schema\/logo\/image\/"}}]}},"_links":{"self":[{"href":"https:\/\/www.goriziapalace.com\/de\/wp-json\/wp\/v2\/pages\/2755","targetHints":{"allow":["GET"]}}],"collection":[{"href":"https:\/\/www.goriziapalace.com\/de\/wp-json\/wp\/v2\/pages"}],"about":[{"href":"https:\/\/www.goriziapalace.com\/de\/wp-json\/wp\/v2\/types\/page"}],"author":[{"embeddable":true,"href":"https:\/\/www.goriziapalace.com\/de\/wp-json\/wp\/v2\/users\/6"}],"replies":[{"embeddable":true,"href":"https:\/\/www.goriziapalace.com\/de\/wp-json\/wp\/v2\/comments?post=2755"}],"version-history":[{"count":0,"href":"https:\/\/www.goriziapalace.com\/de\/wp-json\/wp\/v2\/pages\/2755\/revisions"}],"up":[{"embeddable":true,"href":"https:\/\/www.goriziapalace.com\/de\/wp-json\/wp\/v2\/pages\/2749"}],"wp:featuredmedia":[{"embeddable":true,"href":"https:\/\/www.goriziapalace.com\/de\/wp-json\/wp\/v2\/media\/2429"}],"wp:attachment":[{"href":"https:\/\/www.goriziapalace.com\/de\/wp-json\/wp\/v2\/media?parent=2755"}],"curies":[{"name":"wp","href":"https:\/\/api.w.org\/{rel}","templated":true}]}}