{"id":2757,"date":"2025-03-24T13:33:05","date_gmt":"2025-03-24T12:33:05","guid":{"rendered":"https:\/\/98254-goriziapalace.tempwebsite.it\/leistungen\/smartworking-room\/"},"modified":"2025-04-14T13:36:10","modified_gmt":"2025-04-14T11:36:10","slug":"smartworking-room-hotel-goerz","status":"publish","type":"page","link":"https:\/\/www.goriziapalace.com\/de\/leistungen-hotel-goerz\/smartworking-room-hotel-goerz\/","title":{"rendered":"SmartWorking Room"},"content":{"rendered":"\t\t<div data-elementor-type=\"wp-page\" data-elementor-id=\"2757\" class=\"elementor elementor-2757 elementor-1513\" data-elementor-post-type=\"page\">\n\t\t\t\t<div class=\"elementor-element elementor-element-f86e16d e-flex e-con-boxed e-con e-parent\" data-id=\"f86e16d\" data-element_type=\"container\" data-e-type=\"container\" data-settings=\"{&quot;background_background&quot;:&quot;classic&quot;,&quot;shape_divider_bottom&quot;:&quot;curve&quot;}\">\n\t\t\t\t\t<div class=\"e-con-inner\">\n\t\t\t\t<div class=\"elementor-shape elementor-shape-bottom\" aria-hidden=\"true\" data-negative=\"false\">\n\t\t\t<svg xmlns=\"http:\/\/www.w3.org\/2000\/svg\" viewBox=\"0 0 1000 100\" preserveAspectRatio=\"none\">\n    <path class=\"elementor-shape-fill\" d=\"M1000,4.3V0H0v4.3C0.9,23.1,126.7,99.2,500,100S1000,22.7,1000,4.3z\"\/>\n<\/svg>\t\t<\/div>\n\t\t\t\t\t<\/div>\n\t\t\t\t<\/div>\n\t\t<div class=\"elementor-element elementor-element-9cd0ca2 e-flex e-con-boxed e-con e-parent\" data-id=\"9cd0ca2\" data-element_type=\"container\" data-e-type=\"container\">\n\t\t\t\t\t<div class=\"e-con-inner\">\n\t\t\t\t<div class=\"elementor-element elementor-element-f497dce elementor-widget elementor-widget-heading\" data-id=\"f497dce\" data-element_type=\"widget\" data-e-type=\"widget\" data-widget_type=\"heading.default\">\n\t\t\t\t<div class=\"elementor-widget-container\">\n\t\t\t\t\t<h1 class=\"elementor-heading-title elementor-size-default\">SmartWorking Room<\/h1>\t\t\t\t<\/div>\n\t\t\t\t<\/div>\n\t\t\t\t<div class=\"elementor-element elementor-element-3453b4b elementor-widget elementor-widget-heading\" data-id=\"3453b4b\" data-element_type=\"widget\" data-e-type=\"widget\" data-widget_type=\"heading.default\">\n\t\t\t\t<div class=\"elementor-widget-container\">\n\t\t\t\t\t<h2 class=\"elementor-heading-title elementor-size-default\">Hotelkomfort, der Ihrer Arbeit zu Diensten steht<\/h2>\t\t\t\t<\/div>\n\t\t\t\t<\/div>\n\t\t\t\t<div class=\"elementor-element elementor-element-a74248c elementor-widget-divider--view-line elementor-widget elementor-widget-divider\" data-id=\"a74248c\" data-element_type=\"widget\" data-e-type=\"widget\" data-widget_type=\"divider.default\">\n\t\t\t\t<div class=\"elementor-widget-container\">\n\t\t\t\t\t\t\t<div class=\"elementor-divider\">\n\t\t\t<span class=\"elementor-divider-separator\">\n\t\t\t\t\t\t<\/span>\n\t\t<\/div>\n\t\t\t\t\t\t<\/div>\n\t\t\t\t<\/div>\n\t\t\t\t<div class=\"elementor-element elementor-element-767a875 elementor-widget elementor-widget-text-editor\" data-id=\"767a875\" data-element_type=\"widget\" data-e-type=\"widget\" data-widget_type=\"text-editor.default\">\n\t\t\t\t<div class=\"elementor-widget-container\">\n\t\t\t\t\t\t\t\t\t<p>Ist die Arbeit von zu Hause aus eine Herausforderung f\u00fcr Sie? Stille und Konzentration sind nur noch eine wage Erinnerung?<br \/>Das <strong>Best Western Gorizia Palace in G\u00f6rz<\/strong> hat die richtige L\u00f6sung f\u00fcr Sie!  <\/p>\n<p>Mit dem<strong> SmartWorking Room <\/strong>gewinnen Sie Ihre Konzentration in einer komfortablen, privaten und sicheren Umgebung zur\u00fcck!<\/p>\n\t\t\t\t\t\t\t\t<\/div>\n\t\t\t\t<\/div>\n\t\t<div class=\"elementor-element elementor-element-75f6d35 e-con-full e-flex e-con e-child\" data-id=\"75f6d35\" data-element_type=\"container\" data-e-type=\"container\">\n\t\t<div class=\"elementor-element elementor-element-02a3b31 e-con-full e-flex e-con e-child\" data-id=\"02a3b31\" data-element_type=\"container\" data-e-type=\"container\">\n\t\t\t\t<div class=\"elementor-element elementor-element-6395be2 elementor-widget elementor-widget-heading\" data-id=\"6395be2\" data-element_type=\"widget\" data-e-type=\"widget\" data-widget_type=\"heading.default\">\n\t\t\t\t<div class=\"elementor-widget-container\">\n\t\t\t\t\t<h3 class=\"elementor-heading-title elementor-size-default\">Ein privater Raum zum Arbeiten in Ruhe und Sicherheit<\/h3>\t\t\t\t<\/div>\n\t\t\t\t<\/div>\n\t\t\t\t<div class=\"elementor-element elementor-element-5a3be67 elementor-widget elementor-widget-text-editor\" data-id=\"5a3be67\" data-element_type=\"widget\" data-e-type=\"widget\" data-widget_type=\"text-editor.default\">\n\t\t\t\t<div class=\"elementor-widget-container\">\n\t\t\t\t\t\t\t\t\t<ul>\n<li><strong>Privatzimmer <\/strong>mit eigenem Bad<\/li>\n<li>Komfortabler <strong>Arbeitsplatz<\/strong><\/li>\n<li><strong>Hochgeschwindigkeits-WLAN-Verbindung<\/strong><\/li>\n<li>Maximale<strong> Privatsph\u00e4re<\/strong><\/li>\n<li><strong>Strenge Standards f\u00fcr Sauberkeit und Hygiene<\/strong><\/li>\n<li>Coffee Corner<\/li>\n<\/ul>\n\t\t\t\t\t\t\t\t<\/div>\n\t\t\t\t<\/div>\n\t\t\t\t<\/div>\n\t\t<div class=\"elementor-element elementor-element-d3a8a1d e-con-full e-flex e-con e-child\" data-id=\"d3a8a1d\" data-element_type=\"container\" data-e-type=\"container\">\n\t\t\t\t<div class=\"elementor-element elementor-element-94f87e3 elementor-widget elementor-widget-heading\" data-id=\"94f87e3\" data-element_type=\"widget\" data-e-type=\"widget\" data-widget_type=\"heading.default\">\n\t\t\t\t<div class=\"elementor-widget-container\">\n\t\t\t\t\t<h3 class=\"elementor-heading-title elementor-size-default\">Die effizienten Dienstleistungen einer Hotelrezeption<\/h3>\t\t\t\t<\/div>\n\t\t\t\t<\/div>\n\t\t\t\t<div class=\"elementor-element elementor-element-f19bf36 elementor-widget elementor-widget-text-editor\" data-id=\"f19bf36\" data-element_type=\"widget\" data-e-type=\"widget\" data-widget_type=\"text-editor.default\">\n\t\t\t\t<div class=\"elementor-widget-container\">\n\t\t\t\t\t\t\t\t\t<ul>\n<li>Rezeption und <strong>Concierge<\/strong><\/li>\n<li>Abholung und Zustellung von Paketen<\/li>\n<li><strong>Druckservice<\/strong>: bis zu 20 Blatt s\/w kostenlos, danach nach Verbrauch<\/li>\n<\/ul>\n\t\t\t\t\t\t\t\t<\/div>\n\t\t\t\t<\/div>\n\t\t\t\t<\/div>\n\t\t<div class=\"elementor-element elementor-element-d42b856 e-con-full e-flex e-con e-child\" data-id=\"d42b856\" data-element_type=\"container\" data-e-type=\"container\">\n\t\t\t\t<div class=\"elementor-element elementor-element-9e6b197 elementor-widget elementor-widget-heading\" data-id=\"9e6b197\" data-element_type=\"widget\" data-e-type=\"widget\" data-widget_type=\"heading.default\">\n\t\t\t\t<div class=\"elementor-widget-container\">\n\t\t\t\t\t<h3 class=\"elementor-heading-title elementor-size-default\">Au\u00dferdem: zus\u00e4tzliche Annehmlichkeiten in Reichweite<\/h3>\t\t\t\t<\/div>\n\t\t\t\t<\/div>\n\t\t\t\t<div class=\"elementor-element elementor-element-9ea359a elementor-widget elementor-widget-text-editor\" data-id=\"9ea359a\" data-element_type=\"widget\" data-e-type=\"widget\" data-widget_type=\"text-editor.default\">\n\t\t\t\t<div class=\"elementor-widget-container\">\n\t\t\t\t\t\t\t\t\t<ul>\n<li><strong>Kostenlose Parkpl\u00e4tze<\/strong><\/li>\n<li><strong>Room Service<\/strong> (auf Anfrage)<\/li>\n<\/ul>\n\t\t\t\t\t\t\t\t<\/div>\n\t\t\t\t<\/div>\n\t\t\t\t<\/div>\n\t\t\t\t<\/div>\n\t\t\t\t<div class=\"elementor-element elementor-element-6602fc0 elementor-widget-mobile__width-inherit elementor-mobile-align-center elementor-align-center elementor-invisible elementor-widget elementor-widget-button\" data-id=\"6602fc0\" data-element_type=\"widget\" data-e-type=\"widget\" data-settings=\"{&quot;_animation&quot;:&quot;fadeIn&quot;,&quot;_animation_mobile&quot;:&quot;none&quot;}\" data-widget_type=\"button.default\">\n\t\t\t\t<div class=\"elementor-widget-container\">\n\t\t\t\t\t\t\t\t\t<div class=\"elementor-button-wrapper\">\n\t\t\t\t\t<a class=\"elementor-button elementor-button-link elementor-size-sm\" href=\"mailto:info@goriziapalace.com?subject=Smart%20Working%20Zimmeranfrage\">\n\t\t\t\t\t\t<span class=\"elementor-button-content-wrapper\">\n\t\t\t\t\t\t\t\t\t<span class=\"elementor-button-text\">Senden Sie Ihre Anfrage<\/span>\n\t\t\t\t\t<\/span>\n\t\t\t\t\t<\/a>\n\t\t\t\t<\/div>\n\t\t\t\t\t\t\t\t<\/div>\n\t\t\t\t<\/div>\n\t\t\t\t\t<\/div>\n\t\t\t\t<\/div>\n\t\t<div class=\"elementor-element elementor-element-ccad743 e-con-full e-flex e-con e-parent\" data-id=\"ccad743\" data-element_type=\"container\" data-e-type=\"container\">\n\t\t<div class=\"elementor-element elementor-element-871bcdf e-con-full e-flex e-con e-child\" data-id=\"871bcdf\" data-element_type=\"container\" data-e-type=\"container\">\n\t\t\t\t<div class=\"elementor-element elementor-element-c37a8f1 elementor-view-default elementor-widget elementor-widget-icon\" data-id=\"c37a8f1\" data-element_type=\"widget\" data-e-type=\"widget\" data-widget_type=\"icon.default\">\n\t\t\t\t<div class=\"elementor-widget-container\">\n\t\t\t\t\t\t\t<div class=\"elementor-icon-wrapper\">\n\t\t\t<div class=\"elementor-icon\">\n\t\t\t<svg aria-hidden=\"true\" class=\"e-font-icon-svg e-fas-info-circle\" viewBox=\"0 0 512 512\" xmlns=\"http:\/\/www.w3.org\/2000\/svg\"><path d=\"M256 8C119.043 8 8 119.083 8 256c0 136.997 111.043 248 248 248s248-111.003 248-248C504 119.083 392.957 8 256 8zm0 110c23.196 0 42 18.804 42 42s-18.804 42-42 42-42-18.804-42-42 18.804-42 42-42zm56 254c0 6.627-5.373 12-12 12h-88c-6.627 0-12-5.373-12-12v-24c0-6.627 5.373-12 12-12h12v-64h-12c-6.627 0-12-5.373-12-12v-24c0-6.627 5.373-12 12-12h64c6.627 0 12 5.373 12 12v100h12c6.627 0 12 5.373 12 12v24z\"><\/path><\/svg>\t\t\t<\/div>\n\t\t<\/div>\n\t\t\t\t\t\t<\/div>\n\t\t\t\t<\/div>\n\t\t\t\t<div class=\"elementor-element elementor-element-78cc147 elementor-widget elementor-widget-heading\" data-id=\"78cc147\" data-element_type=\"widget\" data-e-type=\"widget\" data-widget_type=\"heading.default\">\n\t\t\t\t<div class=\"elementor-widget-container\">\n\t\t\t\t\t<span class=\"elementor-heading-title elementor-size-default\">Fristen und Bedingungen<\/span>\t\t\t\t<\/div>\n\t\t\t\t<\/div>\n\t\t\t\t<div class=\"elementor-element elementor-element-c4d5c8f elementor-widget elementor-widget-text-editor\" data-id=\"c4d5c8f\" data-element_type=\"widget\" data-e-type=\"widget\" data-widget_type=\"text-editor.default\">\n\t\t\t\t<div class=\"elementor-widget-container\">\n\t\t\t\t\t\t\t\t\t<p>Die Reservierung des SmartWorking-Rooms ist abh\u00e4ngig von der Verf\u00fcgbarkeit und wird direkt vom Hotel per E-Mail best\u00e4tigt.<br \/>Die Reservierung gilt f\u00fcr eine Einzelbelegung.<br \/>Garantierte Verf\u00fcgbarkeit von 9:00 bis 18:00 Uhr<br \/>F\u00fcr die Reservierung werden 250 BWR-Punkte vergeben.<br \/>Die Zahlung erfolgt direkt im Hotel.<br \/>Die Stornierung muss bis 18:00 Uhr am Tag vor der Nutzung erfolgen.<\/p>\n\t\t\t\t\t\t\t\t<\/div>\n\t\t\t\t<\/div>\n\t\t\t\t<\/div>\n\t\t\t\t<\/div>\n\t\t\t\t<\/div>\n\t\t","protected":false},"excerpt":{"rendered":"<p>SmartWorking Room Hotelkomfort, der Ihrer Arbeit zu Diensten steht Ist die Arbeit von zu Hause aus eine Herausforderung f\u00fcr Sie? Stille und Konzentration sind nur noch eine wage Erinnerung?Das Best Western Gorizia Palace in G\u00f6rz hat die richtige L\u00f6sung f\u00fcr Sie! Mit dem SmartWorking Room gewinnen Sie Ihre Konzentration in einer komfortablen, privaten und sicheren [&hellip;]<\/p>\n","protected":false},"author":6,"featured_media":2425,"parent":2749,"menu_order":0,"comment_status":"closed","ping_status":"closed","template":"","meta":{"footnotes":""},"class_list":["post-2757","page","type-page","status-publish","has-post-thumbnail","hentry"],"yoast_head":"<!-- This site is optimized with the Yoast SEO plugin v27.3 - https:\/\/yoast.com\/product\/yoast-seo-wordpress\/ -->\n<title>SmartWorking Room in G\u00f6rz - BW Gorizia Palace 4 Sterne<\/title>\n<meta name=\"description\" content=\"Konzentrieren Sie sich wieder in einer komfortablen, privaten und sicheren Umgebung. Im Hotel finden Sie eine Hochgeschwindigkeitsverbindung und zahlreiche Services f\u00fcr diejenigen, die von zu Hause aus arbeiten.\" \/>\n<meta name=\"robots\" content=\"index, follow, max-snippet:-1, max-image-preview:large, max-video-preview:-1\" \/>\n<link rel=\"canonical\" href=\"https:\/\/www.goriziapalace.com\/de\/leistungen-hotel-goerz\/smartworking-room-hotel-goerz\/\" \/>\n<meta property=\"og:locale\" content=\"de_DE\" \/>\n<meta property=\"og:type\" content=\"article\" \/>\n<meta property=\"og:title\" content=\"SmartWorking Room in G\u00f6rz - BW Gorizia Palace 4 Sterne\" \/>\n<meta property=\"og:description\" content=\"Konzentrieren Sie sich wieder in einer komfortablen, privaten und sicheren Umgebung. Im Hotel finden Sie eine Hochgeschwindigkeitsverbindung und zahlreiche Services f\u00fcr diejenigen, die von zu Hause aus arbeiten.\" \/>\n<meta property=\"og:url\" content=\"https:\/\/www.goriziapalace.com\/de\/leistungen-hotel-goerz\/smartworking-room-hotel-goerz\/\" \/>\n<meta property=\"og:site_name\" content=\"98254 Gorizia Palace\" \/>\n<meta property=\"article:modified_time\" content=\"2025-04-14T11:36:10+00:00\" \/>\n<meta property=\"og:image\" content=\"https:\/\/bwh-cdn.neen.dev\/wp-content\/uploads\/sites\/170\/2025\/03\/business1.webp\" \/>\n\t<meta property=\"og:image:width\" content=\"1920\" \/>\n\t<meta property=\"og:image:height\" content=\"1280\" \/>\n\t<meta property=\"og:image:type\" content=\"image\/webp\" \/>\n<meta name=\"twitter:card\" content=\"summary_large_image\" \/>\n<meta name=\"twitter:label1\" content=\"Gesch\u00e4tzte Lesezeit\" \/>\n\t<meta name=\"twitter:data1\" content=\"1\u00a0Minute\" \/>\n<script type=\"application\/ld+json\" class=\"yoast-schema-graph\">{\"@context\":\"https:\\\/\\\/schema.org\",\"@graph\":[{\"@type\":\"WebPage\",\"@id\":\"https:\\\/\\\/www.goriziapalace.com\\\/de\\\/leistungen-hotel-goerz\\\/smartworking-room-hotel-goerz\\\/\",\"url\":\"https:\\\/\\\/www.goriziapalace.com\\\/de\\\/leistungen-hotel-goerz\\\/smartworking-room-hotel-goerz\\\/\",\"name\":\"SmartWorking Room in G\u00f6rz - BW Gorizia Palace 4 Sterne\",\"isPartOf\":{\"@id\":\"https:\\\/\\\/www.goriziapalace.com\\\/de\\\/#website\"},\"primaryImageOfPage\":{\"@id\":\"https:\\\/\\\/www.goriziapalace.com\\\/de\\\/leistungen-hotel-goerz\\\/smartworking-room-hotel-goerz\\\/#primaryimage\"},\"image\":{\"@id\":\"https:\\\/\\\/www.goriziapalace.com\\\/de\\\/leistungen-hotel-goerz\\\/smartworking-room-hotel-goerz\\\/#primaryimage\"},\"thumbnailUrl\":\"https:\\\/\\\/www.goriziapalace.com\\\/wp-content\\\/uploads\\\/sites\\\/170\\\/2025\\\/03\\\/business1.webp\",\"datePublished\":\"2025-03-24T12:33:05+00:00\",\"dateModified\":\"2025-04-14T11:36:10+00:00\",\"description\":\"Konzentrieren Sie sich wieder in einer komfortablen, privaten und sicheren Umgebung. Im Hotel finden Sie eine Hochgeschwindigkeitsverbindung und zahlreiche Services f\u00fcr diejenigen, die von zu Hause aus arbeiten.\",\"breadcrumb\":{\"@id\":\"https:\\\/\\\/www.goriziapalace.com\\\/de\\\/leistungen-hotel-goerz\\\/smartworking-room-hotel-goerz\\\/#breadcrumb\"},\"inLanguage\":\"de\",\"potentialAction\":[{\"@type\":\"ReadAction\",\"target\":[\"https:\\\/\\\/www.goriziapalace.com\\\/de\\\/leistungen-hotel-goerz\\\/smartworking-room-hotel-goerz\\\/\"]}]},{\"@type\":\"ImageObject\",\"inLanguage\":\"de\",\"@id\":\"https:\\\/\\\/www.goriziapalace.com\\\/de\\\/leistungen-hotel-goerz\\\/smartworking-room-hotel-goerz\\\/#primaryimage\",\"url\":\"https:\\\/\\\/www.goriziapalace.com\\\/wp-content\\\/uploads\\\/sites\\\/170\\\/2025\\\/03\\\/business1.webp\",\"contentUrl\":\"https:\\\/\\\/www.goriziapalace.com\\\/wp-content\\\/uploads\\\/sites\\\/170\\\/2025\\\/03\\\/business1.webp\",\"width\":1920,\"height\":1280,\"caption\":\"SmartWorking Room - Gorizia Palace Hotel\"},{\"@type\":\"BreadcrumbList\",\"@id\":\"https:\\\/\\\/www.goriziapalace.com\\\/de\\\/leistungen-hotel-goerz\\\/smartworking-room-hotel-goerz\\\/#breadcrumb\",\"itemListElement\":[{\"@type\":\"ListItem\",\"position\":1,\"name\":\"Home\",\"item\":\"https:\\\/\\\/www.goriziapalace.com\\\/de\\\/home\\\/\"},{\"@type\":\"ListItem\",\"position\":2,\"name\":\"Dienste\",\"item\":\"https:\\\/\\\/www.goriziapalace.com\\\/de\\\/leistungen-hotel-goerz\\\/\"},{\"@type\":\"ListItem\",\"position\":3,\"name\":\"SmartWorking Room\"}]},{\"@type\":\"WebSite\",\"@id\":\"https:\\\/\\\/www.goriziapalace.com\\\/de\\\/#website\",\"url\":\"https:\\\/\\\/www.goriziapalace.com\\\/de\\\/\",\"name\":\"98254 Gorizia Palace\",\"description\":\"\",\"publisher\":{\"@id\":\"https:\\\/\\\/www.goriziapalace.com\\\/de\\\/#organization\"},\"potentialAction\":[{\"@type\":\"SearchAction\",\"target\":{\"@type\":\"EntryPoint\",\"urlTemplate\":\"https:\\\/\\\/www.goriziapalace.com\\\/de\\\/?s={search_term_string}\"},\"query-input\":{\"@type\":\"PropertyValueSpecification\",\"valueRequired\":true,\"valueName\":\"search_term_string\"}}],\"inLanguage\":\"de\"},{\"@type\":\"Organization\",\"@id\":\"https:\\\/\\\/www.goriziapalace.com\\\/de\\\/#organization\",\"name\":\"98254 Gorizia Palace\",\"url\":\"https:\\\/\\\/www.goriziapalace.com\\\/de\\\/\",\"logo\":{\"@type\":\"ImageObject\",\"inLanguage\":\"de\",\"@id\":\"https:\\\/\\\/www.goriziapalace.com\\\/de\\\/#\\\/schema\\\/logo\\\/image\\\/\",\"url\":\"https:\\\/\\\/www.goriziapalace.com\\\/wp-content\\\/uploads\\\/sites\\\/170\\\/2024\\\/07\\\/BW-core.png\",\"contentUrl\":\"https:\\\/\\\/www.goriziapalace.com\\\/wp-content\\\/uploads\\\/sites\\\/170\\\/2024\\\/07\\\/BW-core.png\",\"width\":2500,\"height\":916,\"caption\":\"98254 Gorizia Palace\"},\"image\":{\"@id\":\"https:\\\/\\\/www.goriziapalace.com\\\/de\\\/#\\\/schema\\\/logo\\\/image\\\/\"}}]}<\/script>\n<!-- \/ Yoast SEO plugin. -->","yoast_head_json":{"title":"SmartWorking Room in G\u00f6rz - BW Gorizia Palace 4 Sterne","description":"Konzentrieren Sie sich wieder in einer komfortablen, privaten und sicheren Umgebung. Im Hotel finden Sie eine Hochgeschwindigkeitsverbindung und zahlreiche Services f\u00fcr diejenigen, die von zu Hause aus arbeiten.","robots":{"index":"index","follow":"follow","max-snippet":"max-snippet:-1","max-image-preview":"max-image-preview:large","max-video-preview":"max-video-preview:-1"},"canonical":"https:\/\/www.goriziapalace.com\/de\/leistungen-hotel-goerz\/smartworking-room-hotel-goerz\/","og_locale":"de_DE","og_type":"article","og_title":"SmartWorking Room in G\u00f6rz - BW Gorizia Palace 4 Sterne","og_description":"Konzentrieren Sie sich wieder in einer komfortablen, privaten und sicheren Umgebung. Im Hotel finden Sie eine Hochgeschwindigkeitsverbindung und zahlreiche Services f\u00fcr diejenigen, die von zu Hause aus arbeiten.","og_url":"https:\/\/www.goriziapalace.com\/de\/leistungen-hotel-goerz\/smartworking-room-hotel-goerz\/","og_site_name":"98254 Gorizia Palace","article_modified_time":"2025-04-14T11:36:10+00:00","og_image":[{"width":1920,"height":1280,"url":"https:\/\/bwh-cdn.neen.dev\/wp-content\/uploads\/sites\/170\/2025\/03\/business1.webp","type":"image\/webp"}],"twitter_card":"summary_large_image","twitter_misc":{"Gesch\u00e4tzte Lesezeit":"1\u00a0Minute"},"schema":{"@context":"https:\/\/schema.org","@graph":[{"@type":"WebPage","@id":"https:\/\/www.goriziapalace.com\/de\/leistungen-hotel-goerz\/smartworking-room-hotel-goerz\/","url":"https:\/\/www.goriziapalace.com\/de\/leistungen-hotel-goerz\/smartworking-room-hotel-goerz\/","name":"SmartWorking Room in G\u00f6rz - BW Gorizia Palace 4 Sterne","isPartOf":{"@id":"https:\/\/www.goriziapalace.com\/de\/#website"},"primaryImageOfPage":{"@id":"https:\/\/www.goriziapalace.com\/de\/leistungen-hotel-goerz\/smartworking-room-hotel-goerz\/#primaryimage"},"image":{"@id":"https:\/\/www.goriziapalace.com\/de\/leistungen-hotel-goerz\/smartworking-room-hotel-goerz\/#primaryimage"},"thumbnailUrl":"https:\/\/www.goriziapalace.com\/wp-content\/uploads\/sites\/170\/2025\/03\/business1.webp","datePublished":"2025-03-24T12:33:05+00:00","dateModified":"2025-04-14T11:36:10+00:00","description":"Konzentrieren Sie sich wieder in einer komfortablen, privaten und sicheren Umgebung. Im Hotel finden Sie eine Hochgeschwindigkeitsverbindung und zahlreiche Services f\u00fcr diejenigen, die von zu Hause aus arbeiten.","breadcrumb":{"@id":"https:\/\/www.goriziapalace.com\/de\/leistungen-hotel-goerz\/smartworking-room-hotel-goerz\/#breadcrumb"},"inLanguage":"de","potentialAction":[{"@type":"ReadAction","target":["https:\/\/www.goriziapalace.com\/de\/leistungen-hotel-goerz\/smartworking-room-hotel-goerz\/"]}]},{"@type":"ImageObject","inLanguage":"de","@id":"https:\/\/www.goriziapalace.com\/de\/leistungen-hotel-goerz\/smartworking-room-hotel-goerz\/#primaryimage","url":"https:\/\/www.goriziapalace.com\/wp-content\/uploads\/sites\/170\/2025\/03\/business1.webp","contentUrl":"https:\/\/www.goriziapalace.com\/wp-content\/uploads\/sites\/170\/2025\/03\/business1.webp","width":1920,"height":1280,"caption":"SmartWorking Room - Gorizia Palace Hotel"},{"@type":"BreadcrumbList","@id":"https:\/\/www.goriziapalace.com\/de\/leistungen-hotel-goerz\/smartworking-room-hotel-goerz\/#breadcrumb","itemListElement":[{"@type":"ListItem","position":1,"name":"Home","item":"https:\/\/www.goriziapalace.com\/de\/home\/"},{"@type":"ListItem","position":2,"name":"Dienste","item":"https:\/\/www.goriziapalace.com\/de\/leistungen-hotel-goerz\/"},{"@type":"ListItem","position":3,"name":"SmartWorking Room"}]},{"@type":"WebSite","@id":"https:\/\/www.goriziapalace.com\/de\/#website","url":"https:\/\/www.goriziapalace.com\/de\/","name":"98254 Gorizia Palace","description":"","publisher":{"@id":"https:\/\/www.goriziapalace.com\/de\/#organization"},"potentialAction":[{"@type":"SearchAction","target":{"@type":"EntryPoint","urlTemplate":"https:\/\/www.goriziapalace.com\/de\/?s={search_term_string}"},"query-input":{"@type":"PropertyValueSpecification","valueRequired":true,"valueName":"search_term_string"}}],"inLanguage":"de"},{"@type":"Organization","@id":"https:\/\/www.goriziapalace.com\/de\/#organization","name":"98254 Gorizia Palace","url":"https:\/\/www.goriziapalace.com\/de\/","logo":{"@type":"ImageObject","inLanguage":"de","@id":"https:\/\/www.goriziapalace.com\/de\/#\/schema\/logo\/image\/","url":"https:\/\/www.goriziapalace.com\/wp-content\/uploads\/sites\/170\/2024\/07\/BW-core.png","contentUrl":"https:\/\/www.goriziapalace.com\/wp-content\/uploads\/sites\/170\/2024\/07\/BW-core.png","width":2500,"height":916,"caption":"98254 Gorizia Palace"},"image":{"@id":"https:\/\/www.goriziapalace.com\/de\/#\/schema\/logo\/image\/"}}]}},"_links":{"self":[{"href":"https:\/\/www.goriziapalace.com\/de\/wp-json\/wp\/v2\/pages\/2757","targetHints":{"allow":["GET"]}}],"collection":[{"href":"https:\/\/www.goriziapalace.com\/de\/wp-json\/wp\/v2\/pages"}],"about":[{"href":"https:\/\/www.goriziapalace.com\/de\/wp-json\/wp\/v2\/types\/page"}],"author":[{"embeddable":true,"href":"https:\/\/www.goriziapalace.com\/de\/wp-json\/wp\/v2\/users\/6"}],"replies":[{"embeddable":true,"href":"https:\/\/www.goriziapalace.com\/de\/wp-json\/wp\/v2\/comments?post=2757"}],"version-history":[{"count":0,"href":"https:\/\/www.goriziapalace.com\/de\/wp-json\/wp\/v2\/pages\/2757\/revisions"}],"up":[{"embeddable":true,"href":"https:\/\/www.goriziapalace.com\/de\/wp-json\/wp\/v2\/pages\/2749"}],"wp:featuredmedia":[{"embeddable":true,"href":"https:\/\/www.goriziapalace.com\/de\/wp-json\/wp\/v2\/media\/2425"}],"wp:attachment":[{"href":"https:\/\/www.goriziapalace.com\/de\/wp-json\/wp\/v2\/media?parent=2757"}],"curies":[{"name":"wp","href":"https:\/\/api.w.org\/{rel}","templated":true}]}}