{"id":2764,"date":"2024-07-02T16:56:01","date_gmt":"2024-07-02T14:56:01","guid":{"rendered":"https:\/\/98254-goriziapalace.tempwebsite.it\/angebote\/"},"modified":"2025-04-14T13:44:49","modified_gmt":"2025-04-14T11:44:49","slug":"angebote-hotel-goerz","status":"publish","type":"page","link":"https:\/\/www.goriziapalace.com\/de\/angebote-hotel-goerz\/","title":{"rendered":"Angebote"},"content":{"rendered":"\t\t<div data-elementor-type=\"wp-page\" data-elementor-id=\"2764\" class=\"elementor elementor-2764 elementor-960\" data-elementor-post-type=\"page\">\n\t\t\t\t<div class=\"elementor-element elementor-element-9e52a00 e-flex e-con-boxed e-con e-parent\" data-id=\"9e52a00\" data-element_type=\"container\" data-e-type=\"container\" data-settings=\"{&quot;background_background&quot;:&quot;classic&quot;,&quot;shape_divider_bottom&quot;:&quot;curve&quot;}\">\n\t\t\t\t\t<div class=\"e-con-inner\">\n\t\t\t\t<div class=\"elementor-shape elementor-shape-bottom\" aria-hidden=\"true\" data-negative=\"false\">\n\t\t\t<svg xmlns=\"http:\/\/www.w3.org\/2000\/svg\" viewBox=\"0 0 1000 100\" preserveAspectRatio=\"none\">\n    <path class=\"elementor-shape-fill\" d=\"M1000,4.3V0H0v4.3C0.9,23.1,126.7,99.2,500,100S1000,22.7,1000,4.3z\"\/>\n<\/svg>\t\t<\/div>\n\t\t\t\t\t<\/div>\n\t\t\t\t<\/div>\n\t\t<div class=\"elementor-element elementor-element-4ff61df e-flex e-con-boxed e-con e-parent\" data-id=\"4ff61df\" data-element_type=\"container\" data-e-type=\"container\">\n\t\t\t\t\t<div class=\"e-con-inner\">\n\t\t\t\t<div class=\"elementor-element elementor-element-48304c5 elementor-widget elementor-widget-heading\" data-id=\"48304c5\" data-element_type=\"widget\" data-e-type=\"widget\" data-widget_type=\"heading.default\">\n\t\t\t\t<div class=\"elementor-widget-container\">\n\t\t\t\t\t<h1 class=\"elementor-heading-title elementor-size-default\">Angebote<\/h1>\t\t\t\t<\/div>\n\t\t\t\t<\/div>\n\t\t\t\t<div class=\"elementor-element elementor-element-1918483 elementor-widget elementor-widget-heading\" data-id=\"1918483\" data-element_type=\"widget\" data-e-type=\"widget\" data-widget_type=\"heading.default\">\n\t\t\t\t<div class=\"elementor-widget-container\">\n\t\t\t\t\t<h2 class=\"elementor-heading-title elementor-size-default\">Pakete und Sonderangebote, entdecken Sie G\u00f6rz mit uns!<\/h2>\t\t\t\t<\/div>\n\t\t\t\t<\/div>\n\t\t\t\t<div class=\"elementor-element elementor-element-ab8d9df elementor-widget-divider--view-line elementor-widget elementor-widget-divider\" data-id=\"ab8d9df\" data-element_type=\"widget\" data-e-type=\"widget\" data-widget_type=\"divider.default\">\n\t\t\t\t<div class=\"elementor-widget-container\">\n\t\t\t\t\t\t\t<div class=\"elementor-divider\">\n\t\t\t<span class=\"elementor-divider-separator\">\n\t\t\t\t\t\t<\/span>\n\t\t<\/div>\n\t\t\t\t\t\t<\/div>\n\t\t\t\t<\/div>\n\t\t\t\t<div class=\"elementor-element elementor-element-90897e4 elementor-widget elementor-widget-text-editor\" data-id=\"90897e4\" data-element_type=\"widget\" data-e-type=\"widget\" data-widget_type=\"text-editor.default\">\n\t\t\t\t<div class=\"elementor-widget-container\">\n\t\t\t\t\t\t\t\t\t<p>Das <strong>Best Western Gorizia Palace <\/strong>bietet Ad-Hoc-Sonderangebote, damit Sie sich zu g\u00fcnstigen Preisen in G\u00f6rz aufhalten und alle Gelegenheiten beim Schopf packen k\u00f6nnen!<\/p><p><strong>Informieren Sie sich<\/strong> \u00fcber unsere <strong>Angebote <\/strong>und w\u00e4hlen Sie das f\u00fcr Sie passende aus. <\/p><p>Nur f\u00fcr diejenigen, die \u00fcber unsere offizielle Website buchen, sind <strong><a href=\"https:\/\/98254-goriziapalace.tempwebsite.it\/offerte\/voucher-turesta-regione-fvg\/\">spezielle Sonderangebote<\/a><\/strong> mit exklusiven Rabatten f\u00fcr verschiedene Aufenthaltsarten verf\u00fcgbar.<\/p>\t\t\t\t\t\t\t\t<\/div>\n\t\t\t\t<\/div>\n\t\t\t\t\t<\/div>\n\t\t\t\t<\/div>\n\t\t<div class=\"elementor-element elementor-element-1fc212c e-flex e-con-boxed e-con e-parent\" data-id=\"1fc212c\" data-element_type=\"container\" data-e-type=\"container\">\n\t\t\t\t\t<div class=\"e-con-inner\">\n\t\t\t\t\t<\/div>\n\t\t\t\t<\/div>\n\t\t<div class=\"elementor-element elementor-element-83f6271 e-flex e-con-boxed e-con e-parent\" data-id=\"83f6271\" data-element_type=\"container\" data-e-type=\"container\" data-settings=\"{&quot;background_background&quot;:&quot;classic&quot;,&quot;shape_divider_top&quot;:&quot;curve&quot;}\">\n\t\t\t\t\t<div class=\"e-con-inner\">\n\t\t\t\t<div class=\"elementor-shape elementor-shape-top\" aria-hidden=\"true\" data-negative=\"false\">\n\t\t\t<svg xmlns=\"http:\/\/www.w3.org\/2000\/svg\" viewBox=\"0 0 1000 100\" preserveAspectRatio=\"none\">\n    <path class=\"elementor-shape-fill\" d=\"M1000,4.3V0H0v4.3C0.9,23.1,126.7,99.2,500,100S1000,22.7,1000,4.3z\"\/>\n<\/svg>\t\t<\/div>\n\t\t\t\t<div class=\"elementor-element elementor-element-6bb5cf2 elementor-widget elementor-widget-heading\" data-id=\"6bb5cf2\" data-element_type=\"widget\" data-e-type=\"widget\" data-widget_type=\"heading.default\">\n\t\t\t\t<div class=\"elementor-widget-container\">\n\t\t\t\t\t<h2 class=\"elementor-heading-title elementor-size-default\">Best Western Rewards<\/h2>\t\t\t\t<\/div>\n\t\t\t\t<\/div>\n\t\t\t\t<div class=\"elementor-element elementor-element-e548781 elementor-widget elementor-widget-heading\" data-id=\"e548781\" data-element_type=\"widget\" data-e-type=\"widget\" data-widget_type=\"heading.default\">\n\t\t\t\t<div class=\"elementor-widget-container\">\n\t\t\t\t\t<span class=\"elementor-heading-title elementor-size-default\">Das Treueprogramm<\/span>\t\t\t\t<\/div>\n\t\t\t\t<\/div>\n\t\t\t\t<div class=\"elementor-element elementor-element-0cb7a90 elementor-widget-divider--view-line elementor-widget elementor-widget-divider\" data-id=\"0cb7a90\" data-element_type=\"widget\" data-e-type=\"widget\" data-widget_type=\"divider.default\">\n\t\t\t\t<div class=\"elementor-widget-container\">\n\t\t\t\t\t\t\t<div class=\"elementor-divider\">\n\t\t\t<span class=\"elementor-divider-separator\">\n\t\t\t\t\t\t<\/span>\n\t\t<\/div>\n\t\t\t\t\t\t<\/div>\n\t\t\t\t<\/div>\n\t\t\t\t\t<\/div>\n\t\t\t\t<\/div>\n\t\t<div class=\"elementor-element elementor-element-a9b8ab9 e-flex e-con-boxed e-con e-parent\" data-id=\"a9b8ab9\" data-element_type=\"container\" data-e-type=\"container\" data-settings=\"{&quot;background_background&quot;:&quot;classic&quot;}\">\n\t\t\t\t\t<div class=\"e-con-inner\">\n\t\t\t\t\t<\/div>\n\t\t\t\t<\/div>\n\t\t\t\t<\/div>\n\t\t","protected":false},"excerpt":{"rendered":"<p>Angebote Pakete und Sonderangebote, entdecken Sie G\u00f6rz mit uns! Das Best Western Gorizia Palace bietet Ad-Hoc-Sonderangebote, damit Sie sich zu g\u00fcnstigen Preisen in G\u00f6rz aufhalten und alle Gelegenheiten beim Schopf packen k\u00f6nnen! Informieren Sie sich \u00fcber unsere Angebote und w\u00e4hlen Sie das f\u00fcr Sie passende aus. Nur f\u00fcr diejenigen, die \u00fcber unsere offizielle Website buchen, [&hellip;]<\/p>\n","protected":false},"author":1,"featured_media":2455,"parent":0,"menu_order":0,"comment_status":"closed","ping_status":"closed","template":"","meta":{"footnotes":""},"class_list":["post-2764","page","type-page","status-publish","has-post-thumbnail","hentry"],"yoast_head":"<!-- This site is optimized with the Yoast SEO plugin v27.3 - https:\/\/yoast.com\/product\/yoast-seo-wordpress\/ -->\n<title>Hotelangebote in G\u00f6rz - Best Western Gorizia Palace 4 Sterne<\/title>\n<meta name=\"description\" content=\"Entdecken Sie das beste Angebot f\u00fcr Ihren Aufenthalt in G\u00f6rz in einem 4-Sterne-Hotel. W\u00e4hlen Sie das passende Paket oder die passende Aktion f\u00fcr Sie.\" \/>\n<meta name=\"robots\" content=\"index, follow, max-snippet:-1, max-image-preview:large, max-video-preview:-1\" \/>\n<link rel=\"canonical\" href=\"https:\/\/www.goriziapalace.com\/de\/angebote-hotel-goerz\/\" \/>\n<meta property=\"og:locale\" content=\"de_DE\" \/>\n<meta property=\"og:type\" content=\"article\" \/>\n<meta property=\"og:title\" content=\"Hotelangebote in G\u00f6rz - Best Western Gorizia Palace 4 Sterne\" \/>\n<meta property=\"og:description\" content=\"Entdecken Sie das beste Angebot f\u00fcr Ihren Aufenthalt in G\u00f6rz in einem 4-Sterne-Hotel. W\u00e4hlen Sie das passende Paket oder die passende Aktion f\u00fcr Sie.\" \/>\n<meta property=\"og:url\" content=\"https:\/\/www.goriziapalace.com\/de\/angebote-hotel-goerz\/\" \/>\n<meta property=\"og:site_name\" content=\"98254 Gorizia Palace\" \/>\n<meta property=\"article:modified_time\" content=\"2025-04-14T11:44:49+00:00\" \/>\n<meta property=\"og:image\" content=\"https:\/\/bwh-cdn.neen.dev\/wp-content\/uploads\/sites\/170\/2025\/03\/offerte-gorizia.webp\" \/>\n\t<meta property=\"og:image:width\" content=\"1920\" \/>\n\t<meta property=\"og:image:height\" content=\"1281\" \/>\n\t<meta property=\"og:image:type\" content=\"image\/webp\" \/>\n<meta name=\"twitter:card\" content=\"summary_large_image\" \/>\n<script type=\"application\/ld+json\" class=\"yoast-schema-graph\">{\"@context\":\"https:\\\/\\\/schema.org\",\"@graph\":[{\"@type\":\"WebPage\",\"@id\":\"https:\\\/\\\/www.goriziapalace.com\\\/de\\\/angebote-hotel-goerz\\\/\",\"url\":\"https:\\\/\\\/www.goriziapalace.com\\\/de\\\/angebote-hotel-goerz\\\/\",\"name\":\"Hotelangebote in G\u00f6rz - Best Western Gorizia Palace 4 Sterne\",\"isPartOf\":{\"@id\":\"https:\\\/\\\/www.goriziapalace.com\\\/de\\\/#website\"},\"primaryImageOfPage\":{\"@id\":\"https:\\\/\\\/www.goriziapalace.com\\\/de\\\/angebote-hotel-goerz\\\/#primaryimage\"},\"image\":{\"@id\":\"https:\\\/\\\/www.goriziapalace.com\\\/de\\\/angebote-hotel-goerz\\\/#primaryimage\"},\"thumbnailUrl\":\"https:\\\/\\\/www.goriziapalace.com\\\/wp-content\\\/uploads\\\/sites\\\/170\\\/2025\\\/03\\\/offerte-gorizia.webp\",\"datePublished\":\"2024-07-02T14:56:01+00:00\",\"dateModified\":\"2025-04-14T11:44:49+00:00\",\"description\":\"Entdecken Sie das beste Angebot f\u00fcr Ihren Aufenthalt in G\u00f6rz in einem 4-Sterne-Hotel. W\u00e4hlen Sie das passende Paket oder die passende Aktion f\u00fcr Sie.\",\"breadcrumb\":{\"@id\":\"https:\\\/\\\/www.goriziapalace.com\\\/de\\\/angebote-hotel-goerz\\\/#breadcrumb\"},\"inLanguage\":\"de\",\"potentialAction\":[{\"@type\":\"ReadAction\",\"target\":[\"https:\\\/\\\/www.goriziapalace.com\\\/de\\\/angebote-hotel-goerz\\\/\"]}]},{\"@type\":\"ImageObject\",\"inLanguage\":\"de\",\"@id\":\"https:\\\/\\\/www.goriziapalace.com\\\/de\\\/angebote-hotel-goerz\\\/#primaryimage\",\"url\":\"https:\\\/\\\/www.goriziapalace.com\\\/wp-content\\\/uploads\\\/sites\\\/170\\\/2025\\\/03\\\/offerte-gorizia.webp\",\"contentUrl\":\"https:\\\/\\\/www.goriziapalace.com\\\/wp-content\\\/uploads\\\/sites\\\/170\\\/2025\\\/03\\\/offerte-gorizia.webp\",\"width\":1920,\"height\":1281,\"caption\":\"Offers - Gorizia Palace Hotel\"},{\"@type\":\"BreadcrumbList\",\"@id\":\"https:\\\/\\\/www.goriziapalace.com\\\/de\\\/angebote-hotel-goerz\\\/#breadcrumb\",\"itemListElement\":[{\"@type\":\"ListItem\",\"position\":1,\"name\":\"Home\",\"item\":\"https:\\\/\\\/www.goriziapalace.com\\\/de\\\/home\\\/\"},{\"@type\":\"ListItem\",\"position\":2,\"name\":\"Angebote\"}]},{\"@type\":\"WebSite\",\"@id\":\"https:\\\/\\\/www.goriziapalace.com\\\/de\\\/#website\",\"url\":\"https:\\\/\\\/www.goriziapalace.com\\\/de\\\/\",\"name\":\"98254 Gorizia Palace\",\"description\":\"\",\"publisher\":{\"@id\":\"https:\\\/\\\/www.goriziapalace.com\\\/de\\\/#organization\"},\"potentialAction\":[{\"@type\":\"SearchAction\",\"target\":{\"@type\":\"EntryPoint\",\"urlTemplate\":\"https:\\\/\\\/www.goriziapalace.com\\\/de\\\/?s={search_term_string}\"},\"query-input\":{\"@type\":\"PropertyValueSpecification\",\"valueRequired\":true,\"valueName\":\"search_term_string\"}}],\"inLanguage\":\"de\"},{\"@type\":\"Organization\",\"@id\":\"https:\\\/\\\/www.goriziapalace.com\\\/de\\\/#organization\",\"name\":\"98254 Gorizia Palace\",\"url\":\"https:\\\/\\\/www.goriziapalace.com\\\/de\\\/\",\"logo\":{\"@type\":\"ImageObject\",\"inLanguage\":\"de\",\"@id\":\"https:\\\/\\\/www.goriziapalace.com\\\/de\\\/#\\\/schema\\\/logo\\\/image\\\/\",\"url\":\"https:\\\/\\\/www.goriziapalace.com\\\/wp-content\\\/uploads\\\/sites\\\/170\\\/2024\\\/07\\\/BW-core.png\",\"contentUrl\":\"https:\\\/\\\/www.goriziapalace.com\\\/wp-content\\\/uploads\\\/sites\\\/170\\\/2024\\\/07\\\/BW-core.png\",\"width\":2500,\"height\":916,\"caption\":\"98254 Gorizia Palace\"},\"image\":{\"@id\":\"https:\\\/\\\/www.goriziapalace.com\\\/de\\\/#\\\/schema\\\/logo\\\/image\\\/\"}}]}<\/script>\n<!-- \/ Yoast SEO plugin. -->","yoast_head_json":{"title":"Hotelangebote in G\u00f6rz - Best Western Gorizia Palace 4 Sterne","description":"Entdecken Sie das beste Angebot f\u00fcr Ihren Aufenthalt in G\u00f6rz in einem 4-Sterne-Hotel. W\u00e4hlen Sie das passende Paket oder die passende Aktion f\u00fcr Sie.","robots":{"index":"index","follow":"follow","max-snippet":"max-snippet:-1","max-image-preview":"max-image-preview:large","max-video-preview":"max-video-preview:-1"},"canonical":"https:\/\/www.goriziapalace.com\/de\/angebote-hotel-goerz\/","og_locale":"de_DE","og_type":"article","og_title":"Hotelangebote in G\u00f6rz - Best Western Gorizia Palace 4 Sterne","og_description":"Entdecken Sie das beste Angebot f\u00fcr Ihren Aufenthalt in G\u00f6rz in einem 4-Sterne-Hotel. W\u00e4hlen Sie das passende Paket oder die passende Aktion f\u00fcr Sie.","og_url":"https:\/\/www.goriziapalace.com\/de\/angebote-hotel-goerz\/","og_site_name":"98254 Gorizia Palace","article_modified_time":"2025-04-14T11:44:49+00:00","og_image":[{"width":1920,"height":1281,"url":"https:\/\/bwh-cdn.neen.dev\/wp-content\/uploads\/sites\/170\/2025\/03\/offerte-gorizia.webp","type":"image\/webp"}],"twitter_card":"summary_large_image","schema":{"@context":"https:\/\/schema.org","@graph":[{"@type":"WebPage","@id":"https:\/\/www.goriziapalace.com\/de\/angebote-hotel-goerz\/","url":"https:\/\/www.goriziapalace.com\/de\/angebote-hotel-goerz\/","name":"Hotelangebote in G\u00f6rz - Best Western Gorizia Palace 4 Sterne","isPartOf":{"@id":"https:\/\/www.goriziapalace.com\/de\/#website"},"primaryImageOfPage":{"@id":"https:\/\/www.goriziapalace.com\/de\/angebote-hotel-goerz\/#primaryimage"},"image":{"@id":"https:\/\/www.goriziapalace.com\/de\/angebote-hotel-goerz\/#primaryimage"},"thumbnailUrl":"https:\/\/www.goriziapalace.com\/wp-content\/uploads\/sites\/170\/2025\/03\/offerte-gorizia.webp","datePublished":"2024-07-02T14:56:01+00:00","dateModified":"2025-04-14T11:44:49+00:00","description":"Entdecken Sie das beste Angebot f\u00fcr Ihren Aufenthalt in G\u00f6rz in einem 4-Sterne-Hotel. W\u00e4hlen Sie das passende Paket oder die passende Aktion f\u00fcr Sie.","breadcrumb":{"@id":"https:\/\/www.goriziapalace.com\/de\/angebote-hotel-goerz\/#breadcrumb"},"inLanguage":"de","potentialAction":[{"@type":"ReadAction","target":["https:\/\/www.goriziapalace.com\/de\/angebote-hotel-goerz\/"]}]},{"@type":"ImageObject","inLanguage":"de","@id":"https:\/\/www.goriziapalace.com\/de\/angebote-hotel-goerz\/#primaryimage","url":"https:\/\/www.goriziapalace.com\/wp-content\/uploads\/sites\/170\/2025\/03\/offerte-gorizia.webp","contentUrl":"https:\/\/www.goriziapalace.com\/wp-content\/uploads\/sites\/170\/2025\/03\/offerte-gorizia.webp","width":1920,"height":1281,"caption":"Offers - Gorizia Palace Hotel"},{"@type":"BreadcrumbList","@id":"https:\/\/www.goriziapalace.com\/de\/angebote-hotel-goerz\/#breadcrumb","itemListElement":[{"@type":"ListItem","position":1,"name":"Home","item":"https:\/\/www.goriziapalace.com\/de\/home\/"},{"@type":"ListItem","position":2,"name":"Angebote"}]},{"@type":"WebSite","@id":"https:\/\/www.goriziapalace.com\/de\/#website","url":"https:\/\/www.goriziapalace.com\/de\/","name":"98254 Gorizia Palace","description":"","publisher":{"@id":"https:\/\/www.goriziapalace.com\/de\/#organization"},"potentialAction":[{"@type":"SearchAction","target":{"@type":"EntryPoint","urlTemplate":"https:\/\/www.goriziapalace.com\/de\/?s={search_term_string}"},"query-input":{"@type":"PropertyValueSpecification","valueRequired":true,"valueName":"search_term_string"}}],"inLanguage":"de"},{"@type":"Organization","@id":"https:\/\/www.goriziapalace.com\/de\/#organization","name":"98254 Gorizia Palace","url":"https:\/\/www.goriziapalace.com\/de\/","logo":{"@type":"ImageObject","inLanguage":"de","@id":"https:\/\/www.goriziapalace.com\/de\/#\/schema\/logo\/image\/","url":"https:\/\/www.goriziapalace.com\/wp-content\/uploads\/sites\/170\/2024\/07\/BW-core.png","contentUrl":"https:\/\/www.goriziapalace.com\/wp-content\/uploads\/sites\/170\/2024\/07\/BW-core.png","width":2500,"height":916,"caption":"98254 Gorizia Palace"},"image":{"@id":"https:\/\/www.goriziapalace.com\/de\/#\/schema\/logo\/image\/"}}]}},"_links":{"self":[{"href":"https:\/\/www.goriziapalace.com\/de\/wp-json\/wp\/v2\/pages\/2764","targetHints":{"allow":["GET"]}}],"collection":[{"href":"https:\/\/www.goriziapalace.com\/de\/wp-json\/wp\/v2\/pages"}],"about":[{"href":"https:\/\/www.goriziapalace.com\/de\/wp-json\/wp\/v2\/types\/page"}],"author":[{"embeddable":true,"href":"https:\/\/www.goriziapalace.com\/de\/wp-json\/wp\/v2\/users\/1"}],"replies":[{"embeddable":true,"href":"https:\/\/www.goriziapalace.com\/de\/wp-json\/wp\/v2\/comments?post=2764"}],"version-history":[{"count":0,"href":"https:\/\/www.goriziapalace.com\/de\/wp-json\/wp\/v2\/pages\/2764\/revisions"}],"wp:featuredmedia":[{"embeddable":true,"href":"https:\/\/www.goriziapalace.com\/de\/wp-json\/wp\/v2\/media\/2455"}],"wp:attachment":[{"href":"https:\/\/www.goriziapalace.com\/de\/wp-json\/wp\/v2\/media?parent=2764"}],"curies":[{"name":"wp","href":"https:\/\/api.w.org\/{rel}","templated":true}]}}