{"id":2792,"date":"2025-03-26T11:23:17","date_gmt":"2025-03-26T10:23:17","guid":{"rendered":"https:\/\/98254-goriziapalace.tempwebsite.it\/goerz\/gusti-di-frontiera-2025\/"},"modified":"2026-01-08T16:47:58","modified_gmt":"2026-01-08T15:47:58","slug":"gusti-frontiera-2025-goerz","status":"publish","type":"page","link":"https:\/\/www.goriziapalace.com\/de\/besuchen-goerz\/gusti-frontiera-2025-goerz\/","title":{"rendered":"Gusti di Frontiera 2026"},"content":{"rendered":"\t\t<div data-elementor-type=\"wp-page\" data-elementor-id=\"2792\" class=\"elementor elementor-2792 elementor-1695\" data-elementor-post-type=\"page\">\n\t\t\t\t<div class=\"elementor-element elementor-element-f86e16d e-flex e-con-boxed e-con e-parent\" data-id=\"f86e16d\" data-element_type=\"container\" data-e-type=\"container\" data-settings=\"{&quot;background_background&quot;:&quot;classic&quot;,&quot;shape_divider_bottom&quot;:&quot;curve&quot;}\">\n\t\t\t\t\t<div class=\"e-con-inner\">\n\t\t\t\t<div class=\"elementor-shape elementor-shape-bottom\" aria-hidden=\"true\" data-negative=\"false\">\n\t\t\t<svg xmlns=\"http:\/\/www.w3.org\/2000\/svg\" viewBox=\"0 0 1000 100\" preserveAspectRatio=\"none\">\n    <path class=\"elementor-shape-fill\" d=\"M1000,4.3V0H0v4.3C0.9,23.1,126.7,99.2,500,100S1000,22.7,1000,4.3z\"\/>\n<\/svg>\t\t<\/div>\n\t\t\t\t\t<\/div>\n\t\t\t\t<\/div>\n\t\t<div class=\"elementor-element elementor-element-9cd0ca2 e-flex e-con-boxed e-con e-parent\" data-id=\"9cd0ca2\" data-element_type=\"container\" data-e-type=\"container\">\n\t\t\t\t\t<div class=\"e-con-inner\">\n\t\t\t\t<div class=\"elementor-element elementor-element-f497dce elementor-widget elementor-widget-heading\" data-id=\"f497dce\" data-element_type=\"widget\" data-e-type=\"widget\" data-widget_type=\"heading.default\">\n\t\t\t\t<div class=\"elementor-widget-container\">\n\t\t\t\t\t<h1 class=\"elementor-heading-title elementor-size-default\">Gusti di Frontiera 2026<\/h1>\t\t\t\t<\/div>\n\t\t\t\t<\/div>\n\t\t\t\t<div class=\"elementor-element elementor-element-3453b4b elementor-widget elementor-widget-heading\" data-id=\"3453b4b\" data-element_type=\"widget\" data-e-type=\"widget\" data-widget_type=\"heading.default\">\n\t\t\t\t<div class=\"elementor-widget-container\">\n\t\t\t\t\t<h2 class=\"elementor-heading-title elementor-size-default\">Die gr\u00f6\u00dfte Genussmesse im Triveneto<\/h2>\t\t\t\t<\/div>\n\t\t\t\t<\/div>\n\t\t\t\t<div class=\"elementor-element elementor-element-a74248c elementor-widget-divider--view-line elementor-widget elementor-widget-divider\" data-id=\"a74248c\" data-element_type=\"widget\" data-e-type=\"widget\" data-widget_type=\"divider.default\">\n\t\t\t\t<div class=\"elementor-widget-container\">\n\t\t\t\t\t\t\t<div class=\"elementor-divider\">\n\t\t\t<span class=\"elementor-divider-separator\">\n\t\t\t\t\t\t<\/span>\n\t\t<\/div>\n\t\t\t\t\t\t<\/div>\n\t\t\t\t<\/div>\n\t\t\t\t<div class=\"elementor-element elementor-element-767a875 elementor-widget elementor-widget-text-editor\" data-id=\"767a875\" data-element_type=\"widget\" data-e-type=\"widget\" data-widget_type=\"text-editor.default\">\n\t\t\t\t<div class=\"elementor-widget-container\">\n\t\t\t\t\t\t\t\t\t<p>Eine neue Ausgabe von \u201e<strong>Gusti senza frontiera<\/strong>\u201c (Geschmack ohne Grenzen), <strong>der mit Spannung erwarteten Initiative f\u00fcr Essen und Wein <\/strong>der Gemeinde Gorizia, findet <strong>Ende September 2026<\/strong> statt. Es erwarten Sie wunderbare St\u00e4nde mit Speisen aus den umliegenden europ\u00e4ischen K\u00fcchen, wie der \u00f6sterreichischen, franz\u00f6sischen, slowenischen und ungarischen \u2013 eine Weltkarte der Aromen, D\u00fcfte und Farben!<\/p><p>Dar\u00fcber hinaus wird es zahlreiche Shows und kulturelle Initiativen geben, die das Erlebnis bereichern und Gorizia in einen Treffpunkt der Kulturen und kulinarischen Traditionen verwandeln. Die Teilnahme an der Veranstaltung ist v\u00f6llig<strong> kostenlos<\/strong> und bietet eine einzigartige Gelegenheit, in <strong>europ\u00e4ische und internationale kulinarische und kulturelle Traditionen <\/strong>einzutauchen. <\/p><p><strong>W\u00e4hle den Komfort des Best Western Gorizia Palace im Stadtzentrum!<br><\/strong>Unser Hotel liegt direkt im Herzen von Gorizia. Du kannst dein <strong>Auto kostenlos<\/strong> bei uns parken und die St\u00e4nde bequem zu Fu\u00df erreichen.<\/p>\t\t\t\t\t\t\t\t<\/div>\n\t\t\t\t<\/div>\n\t\t\t\t<div class=\"elementor-element elementor-element-c4ab8cb elementor-widget-mobile__width-inherit elementor-mobile-align-center elementor-align-center elementor-invisible elementor-widget elementor-widget-button\" data-id=\"c4ab8cb\" data-element_type=\"widget\" data-e-type=\"widget\" data-settings=\"{&quot;_animation&quot;:&quot;fadeIn&quot;,&quot;_animation_mobile&quot;:&quot;none&quot;}\" data-widget_type=\"button.default\">\n\t\t\t\t<div class=\"elementor-widget-container\">\n\t\t\t\t\t\t\t\t\t<div class=\"elementor-button-wrapper\">\n\t\t\t\t\t<a class=\"elementor-button elementor-button-link elementor-size-sm\" href=\"https:\/\/book.bestwestern.it\/selectrooms.aspx?language=DE&#038;propid=98254&#038;sob=A128&#038;arrivalDate=20250926&#038;departureDate=20250927&#038;as=true\" target=\"_blank\">\n\t\t\t\t\t\t<span class=\"elementor-button-content-wrapper\">\n\t\t\t\t\t\t\t\t\t<span class=\"elementor-button-text\">Jetzt buchen<\/span>\n\t\t\t\t\t<\/span>\n\t\t\t\t\t<\/a>\n\t\t\t\t<\/div>\n\t\t\t\t\t\t\t\t<\/div>\n\t\t\t\t<\/div>\n\t\t\t\t\t<\/div>\n\t\t\t\t<\/div>\n\t\t\t\t<\/div>\n\t\t","protected":false},"excerpt":{"rendered":"<p>Gusti di Frontiera 2026 Die gr\u00f6\u00dfte Genussmesse im Triveneto Eine neue Ausgabe von \u201eGusti senza frontiera\u201c (Geschmack ohne Grenzen), der mit Spannung erwarteten Initiative f\u00fcr Essen und Wein der Gemeinde Gorizia, findet Ende September 2026 statt. Es erwarten Sie wunderbare St\u00e4nde mit Speisen aus den umliegenden europ\u00e4ischen K\u00fcchen, wie der \u00f6sterreichischen, franz\u00f6sischen, slowenischen und ungarischen [&hellip;]<\/p>\n","protected":false},"author":6,"featured_media":2453,"parent":2770,"menu_order":0,"comment_status":"closed","ping_status":"closed","template":"","meta":{"footnotes":""},"class_list":["post-2792","page","type-page","status-publish","has-post-thumbnail","hentry"],"yoast_head":"<!-- This site is optimized with the Yoast SEO plugin v27.3 - https:\/\/yoast.com\/product\/yoast-seo-wordpress\/ -->\n<title>Gusti di Frontiera in G\u00f6rz - BW Gorizia Palace<\/title>\n<meta name=\"description\" content=\"Verpassen Sie nicht die neue Ausgabe von Gusti di Frontiera, die dieses Jahr auch auf Slowenien ausgeweitet wird. Buchen Sie und finden Sie es heraus mit dem Best Western Gorizia Palace!\" \/>\n<meta name=\"robots\" content=\"index, follow, max-snippet:-1, max-image-preview:large, max-video-preview:-1\" \/>\n<link rel=\"canonical\" href=\"https:\/\/www.goriziapalace.com\/de\/besuchen-goerz\/gusti-frontiera-2025-goerz\/\" \/>\n<meta property=\"og:locale\" content=\"de_DE\" \/>\n<meta property=\"og:type\" content=\"article\" \/>\n<meta property=\"og:title\" content=\"Gusti di Frontiera in G\u00f6rz - BW Gorizia Palace\" \/>\n<meta property=\"og:description\" content=\"Verpassen Sie nicht die neue Ausgabe von Gusti di Frontiera, die dieses Jahr auch auf Slowenien ausgeweitet wird. Buchen Sie und finden Sie es heraus mit dem Best Western Gorizia Palace!\" \/>\n<meta property=\"og:url\" content=\"https:\/\/www.goriziapalace.com\/de\/besuchen-goerz\/gusti-frontiera-2025-goerz\/\" \/>\n<meta property=\"og:site_name\" content=\"98254 Gorizia Palace\" \/>\n<meta property=\"article:modified_time\" content=\"2026-01-08T15:47:58+00:00\" \/>\n<meta property=\"og:image\" content=\"https:\/\/www.goriziapalace.com\/wp-content\/uploads\/sites\/170\/2025\/03\/gusti-frontiera.webp\" \/>\n\t<meta property=\"og:image:width\" content=\"1920\" \/>\n\t<meta property=\"og:image:height\" content=\"1119\" \/>\n\t<meta property=\"og:image:type\" content=\"image\/webp\" \/>\n<meta name=\"twitter:card\" content=\"summary_large_image\" \/>\n<meta name=\"twitter:label1\" content=\"Gesch\u00e4tzte Lesezeit\" \/>\n\t<meta name=\"twitter:data1\" content=\"1\u00a0Minute\" \/>\n<script type=\"application\/ld+json\" class=\"yoast-schema-graph\">{\"@context\":\"https:\\\/\\\/schema.org\",\"@graph\":[{\"@type\":\"WebPage\",\"@id\":\"https:\\\/\\\/www.goriziapalace.com\\\/de\\\/besuchen-goerz\\\/gusti-frontiera-2025-goerz\\\/\",\"url\":\"https:\\\/\\\/www.goriziapalace.com\\\/de\\\/besuchen-goerz\\\/gusti-frontiera-2025-goerz\\\/\",\"name\":\"Gusti di Frontiera in G\u00f6rz - BW Gorizia Palace\",\"isPartOf\":{\"@id\":\"https:\\\/\\\/www.goriziapalace.com\\\/de\\\/#website\"},\"primaryImageOfPage\":{\"@id\":\"https:\\\/\\\/www.goriziapalace.com\\\/de\\\/besuchen-goerz\\\/gusti-frontiera-2025-goerz\\\/#primaryimage\"},\"image\":{\"@id\":\"https:\\\/\\\/www.goriziapalace.com\\\/de\\\/besuchen-goerz\\\/gusti-frontiera-2025-goerz\\\/#primaryimage\"},\"thumbnailUrl\":\"https:\\\/\\\/www.goriziapalace.com\\\/wp-content\\\/uploads\\\/sites\\\/170\\\/2025\\\/03\\\/gusti-frontiera.webp\",\"datePublished\":\"2025-03-26T10:23:17+00:00\",\"dateModified\":\"2026-01-08T15:47:58+00:00\",\"description\":\"Verpassen Sie nicht die neue Ausgabe von Gusti di Frontiera, die dieses Jahr auch auf Slowenien ausgeweitet wird. Buchen Sie und finden Sie es heraus mit dem Best Western Gorizia Palace!\",\"breadcrumb\":{\"@id\":\"https:\\\/\\\/www.goriziapalace.com\\\/de\\\/besuchen-goerz\\\/gusti-frontiera-2025-goerz\\\/#breadcrumb\"},\"inLanguage\":\"de\",\"potentialAction\":[{\"@type\":\"ReadAction\",\"target\":[\"https:\\\/\\\/www.goriziapalace.com\\\/de\\\/besuchen-goerz\\\/gusti-frontiera-2025-goerz\\\/\"]}]},{\"@type\":\"ImageObject\",\"inLanguage\":\"de\",\"@id\":\"https:\\\/\\\/www.goriziapalace.com\\\/de\\\/besuchen-goerz\\\/gusti-frontiera-2025-goerz\\\/#primaryimage\",\"url\":\"https:\\\/\\\/www.goriziapalace.com\\\/wp-content\\\/uploads\\\/sites\\\/170\\\/2025\\\/03\\\/gusti-frontiera.webp\",\"contentUrl\":\"https:\\\/\\\/www.goriziapalace.com\\\/wp-content\\\/uploads\\\/sites\\\/170\\\/2025\\\/03\\\/gusti-frontiera.webp\",\"width\":1920,\"height\":1119,\"caption\":\"Gusti di Frontiera 2025 - Gorizia Palace Hotel\"},{\"@type\":\"BreadcrumbList\",\"@id\":\"https:\\\/\\\/www.goriziapalace.com\\\/de\\\/besuchen-goerz\\\/gusti-frontiera-2025-goerz\\\/#breadcrumb\",\"itemListElement\":[{\"@type\":\"ListItem\",\"position\":1,\"name\":\"Home\",\"item\":\"https:\\\/\\\/www.goriziapalace.com\\\/de\\\/home\\\/\"},{\"@type\":\"ListItem\",\"position\":2,\"name\":\"G\u00f6rz\",\"item\":\"https:\\\/\\\/www.goriziapalace.com\\\/de\\\/visitare-gorizia\\\/\"},{\"@type\":\"ListItem\",\"position\":3,\"name\":\"Gusti di Frontiera 2026\"}]},{\"@type\":\"WebSite\",\"@id\":\"https:\\\/\\\/www.goriziapalace.com\\\/de\\\/#website\",\"url\":\"https:\\\/\\\/www.goriziapalace.com\\\/de\\\/\",\"name\":\"98254 Gorizia Palace\",\"description\":\"\",\"publisher\":{\"@id\":\"https:\\\/\\\/www.goriziapalace.com\\\/de\\\/#organization\"},\"potentialAction\":[{\"@type\":\"SearchAction\",\"target\":{\"@type\":\"EntryPoint\",\"urlTemplate\":\"https:\\\/\\\/www.goriziapalace.com\\\/de\\\/?s={search_term_string}\"},\"query-input\":{\"@type\":\"PropertyValueSpecification\",\"valueRequired\":true,\"valueName\":\"search_term_string\"}}],\"inLanguage\":\"de\"},{\"@type\":\"Organization\",\"@id\":\"https:\\\/\\\/www.goriziapalace.com\\\/de\\\/#organization\",\"name\":\"98254 Gorizia Palace\",\"url\":\"https:\\\/\\\/www.goriziapalace.com\\\/de\\\/\",\"logo\":{\"@type\":\"ImageObject\",\"inLanguage\":\"de\",\"@id\":\"https:\\\/\\\/www.goriziapalace.com\\\/de\\\/#\\\/schema\\\/logo\\\/image\\\/\",\"url\":\"https:\\\/\\\/www.goriziapalace.com\\\/wp-content\\\/uploads\\\/sites\\\/170\\\/2024\\\/07\\\/BW-core.png\",\"contentUrl\":\"https:\\\/\\\/www.goriziapalace.com\\\/wp-content\\\/uploads\\\/sites\\\/170\\\/2024\\\/07\\\/BW-core.png\",\"width\":2500,\"height\":916,\"caption\":\"98254 Gorizia Palace\"},\"image\":{\"@id\":\"https:\\\/\\\/www.goriziapalace.com\\\/de\\\/#\\\/schema\\\/logo\\\/image\\\/\"}}]}<\/script>\n<!-- \/ Yoast SEO plugin. -->","yoast_head_json":{"title":"Gusti di Frontiera in G\u00f6rz - BW Gorizia Palace","description":"Verpassen Sie nicht die neue Ausgabe von Gusti di Frontiera, die dieses Jahr auch auf Slowenien ausgeweitet wird. Buchen Sie und finden Sie es heraus mit dem Best Western Gorizia Palace!","robots":{"index":"index","follow":"follow","max-snippet":"max-snippet:-1","max-image-preview":"max-image-preview:large","max-video-preview":"max-video-preview:-1"},"canonical":"https:\/\/www.goriziapalace.com\/de\/besuchen-goerz\/gusti-frontiera-2025-goerz\/","og_locale":"de_DE","og_type":"article","og_title":"Gusti di Frontiera in G\u00f6rz - BW Gorizia Palace","og_description":"Verpassen Sie nicht die neue Ausgabe von Gusti di Frontiera, die dieses Jahr auch auf Slowenien ausgeweitet wird. Buchen Sie und finden Sie es heraus mit dem Best Western Gorizia Palace!","og_url":"https:\/\/www.goriziapalace.com\/de\/besuchen-goerz\/gusti-frontiera-2025-goerz\/","og_site_name":"98254 Gorizia Palace","article_modified_time":"2026-01-08T15:47:58+00:00","og_image":[{"width":1920,"height":1119,"url":"https:\/\/www.goriziapalace.com\/wp-content\/uploads\/sites\/170\/2025\/03\/gusti-frontiera.webp","type":"image\/webp"}],"twitter_card":"summary_large_image","twitter_misc":{"Gesch\u00e4tzte Lesezeit":"1\u00a0Minute"},"schema":{"@context":"https:\/\/schema.org","@graph":[{"@type":"WebPage","@id":"https:\/\/www.goriziapalace.com\/de\/besuchen-goerz\/gusti-frontiera-2025-goerz\/","url":"https:\/\/www.goriziapalace.com\/de\/besuchen-goerz\/gusti-frontiera-2025-goerz\/","name":"Gusti di Frontiera in G\u00f6rz - BW Gorizia Palace","isPartOf":{"@id":"https:\/\/www.goriziapalace.com\/de\/#website"},"primaryImageOfPage":{"@id":"https:\/\/www.goriziapalace.com\/de\/besuchen-goerz\/gusti-frontiera-2025-goerz\/#primaryimage"},"image":{"@id":"https:\/\/www.goriziapalace.com\/de\/besuchen-goerz\/gusti-frontiera-2025-goerz\/#primaryimage"},"thumbnailUrl":"https:\/\/www.goriziapalace.com\/wp-content\/uploads\/sites\/170\/2025\/03\/gusti-frontiera.webp","datePublished":"2025-03-26T10:23:17+00:00","dateModified":"2026-01-08T15:47:58+00:00","description":"Verpassen Sie nicht die neue Ausgabe von Gusti di Frontiera, die dieses Jahr auch auf Slowenien ausgeweitet wird. Buchen Sie und finden Sie es heraus mit dem Best Western Gorizia Palace!","breadcrumb":{"@id":"https:\/\/www.goriziapalace.com\/de\/besuchen-goerz\/gusti-frontiera-2025-goerz\/#breadcrumb"},"inLanguage":"de","potentialAction":[{"@type":"ReadAction","target":["https:\/\/www.goriziapalace.com\/de\/besuchen-goerz\/gusti-frontiera-2025-goerz\/"]}]},{"@type":"ImageObject","inLanguage":"de","@id":"https:\/\/www.goriziapalace.com\/de\/besuchen-goerz\/gusti-frontiera-2025-goerz\/#primaryimage","url":"https:\/\/www.goriziapalace.com\/wp-content\/uploads\/sites\/170\/2025\/03\/gusti-frontiera.webp","contentUrl":"https:\/\/www.goriziapalace.com\/wp-content\/uploads\/sites\/170\/2025\/03\/gusti-frontiera.webp","width":1920,"height":1119,"caption":"Gusti di Frontiera 2025 - Gorizia Palace Hotel"},{"@type":"BreadcrumbList","@id":"https:\/\/www.goriziapalace.com\/de\/besuchen-goerz\/gusti-frontiera-2025-goerz\/#breadcrumb","itemListElement":[{"@type":"ListItem","position":1,"name":"Home","item":"https:\/\/www.goriziapalace.com\/de\/home\/"},{"@type":"ListItem","position":2,"name":"G\u00f6rz","item":"https:\/\/www.goriziapalace.com\/de\/visitare-gorizia\/"},{"@type":"ListItem","position":3,"name":"Gusti di Frontiera 2026"}]},{"@type":"WebSite","@id":"https:\/\/www.goriziapalace.com\/de\/#website","url":"https:\/\/www.goriziapalace.com\/de\/","name":"98254 Gorizia Palace","description":"","publisher":{"@id":"https:\/\/www.goriziapalace.com\/de\/#organization"},"potentialAction":[{"@type":"SearchAction","target":{"@type":"EntryPoint","urlTemplate":"https:\/\/www.goriziapalace.com\/de\/?s={search_term_string}"},"query-input":{"@type":"PropertyValueSpecification","valueRequired":true,"valueName":"search_term_string"}}],"inLanguage":"de"},{"@type":"Organization","@id":"https:\/\/www.goriziapalace.com\/de\/#organization","name":"98254 Gorizia Palace","url":"https:\/\/www.goriziapalace.com\/de\/","logo":{"@type":"ImageObject","inLanguage":"de","@id":"https:\/\/www.goriziapalace.com\/de\/#\/schema\/logo\/image\/","url":"https:\/\/www.goriziapalace.com\/wp-content\/uploads\/sites\/170\/2024\/07\/BW-core.png","contentUrl":"https:\/\/www.goriziapalace.com\/wp-content\/uploads\/sites\/170\/2024\/07\/BW-core.png","width":2500,"height":916,"caption":"98254 Gorizia Palace"},"image":{"@id":"https:\/\/www.goriziapalace.com\/de\/#\/schema\/logo\/image\/"}}]}},"_links":{"self":[{"href":"https:\/\/www.goriziapalace.com\/de\/wp-json\/wp\/v2\/pages\/2792","targetHints":{"allow":["GET"]}}],"collection":[{"href":"https:\/\/www.goriziapalace.com\/de\/wp-json\/wp\/v2\/pages"}],"about":[{"href":"https:\/\/www.goriziapalace.com\/de\/wp-json\/wp\/v2\/types\/page"}],"author":[{"embeddable":true,"href":"https:\/\/www.goriziapalace.com\/de\/wp-json\/wp\/v2\/users\/6"}],"replies":[{"embeddable":true,"href":"https:\/\/www.goriziapalace.com\/de\/wp-json\/wp\/v2\/comments?post=2792"}],"version-history":[{"count":3,"href":"https:\/\/www.goriziapalace.com\/de\/wp-json\/wp\/v2\/pages\/2792\/revisions"}],"predecessor-version":[{"id":3211,"href":"https:\/\/www.goriziapalace.com\/de\/wp-json\/wp\/v2\/pages\/2792\/revisions\/3211"}],"up":[{"embeddable":true,"href":"https:\/\/www.goriziapalace.com\/de\/wp-json\/wp\/v2\/pages\/2770"}],"wp:featuredmedia":[{"embeddable":true,"href":"https:\/\/www.goriziapalace.com\/de\/wp-json\/wp\/v2\/media\/2453"}],"wp:attachment":[{"href":"https:\/\/www.goriziapalace.com\/de\/wp-json\/wp\/v2\/media?parent=2792"}],"curies":[{"name":"wp","href":"https:\/\/api.w.org\/{rel}","templated":true}]}}